{"id":8808,"date":"2025-06-25T08:07:48","date_gmt":"2025-06-25T08:07:48","guid":{"rendered":"https:\/\/you.dental\/?post_type=product&#038;p=8808"},"modified":"2025-06-25T08:07:48","modified_gmt":"2025-06-25T08:07:48","slug":"afg-modelling-numerically-coded-dental-anatomy-4","status":"publish","type":"product","link":"https:\/\/youdental.conversa-dev.it\/?product=afg-modelling-numerically-coded-dental-anatomy-4&lang=de","title":{"rendered":"AFG MODELLING numerically coded dental anatomy"},"content":{"rendered":"<p class=\"p1\"><span class=\"s1\">Dieser Text, obwohl als Arbeitsanleitung f\u00fcr Anf\u00e4nger oder f\u00fcr diejenigen geschrieben, die neu beginnen oder neu starten m\u00f6chten, und ohne die typische Form wissenschaftlicher Fachb\u00fccher, ist tief in den exakten Wissenschaften wie Mathematik und Geometrie sowie in den \u00e4ltesten k\u00fcnstlerischen Techniken verwurzelt. Er \u00fcbertr\u00e4gt nicht nur die Technik, sondern auch die Magie und die Emotion der Gestik auf ein innovatives Bildsystem.<\/span><\/p>\n<p class=\"p1\"><span class=\"s1\">\u00a0<\/span><\/p>\n<p class=\"p1\"><span class=\"s1\"><b>Copyright<\/b>:<br \/>\n\u00a9 2025 \u2013 teamwork media srl \u2013 25069 Villa Carcina (BS) \u2013 Via Sicilia, 21\/a und Palmeri Media Group (PMG) \u2013 35-145 Royal Crest Court, Markham, ON L3R 9Z4.<\/span><\/p>\n<p class=\"p1\"><span class=\"s1\">Alle Urheberrechte vorbehalten. Vervielf\u00e4ltigungen bed\u00fcrfen der Genehmigung. Das Werk einschliesslich aller seiner Teile ist urheberrechtlich gesch\u00fctzt. Jede Verwertung ausserhalb der engen Grenzen des Urheberrechtsgesetzes ist ohne Zustimmung des Verlages unzul\u00e4ssig und strafbar. Das gilt insbeson- dere f\u00fcr Vervielf\u00e4ltigungen, \u00dcbersetzungen, Mikroverfilmung und Einspeicherung und Verarbeitung in elektronischen Systemen.<br \/>\nAlle in dieser Ver\u00f6ffentlichung enthaltenen Angaben. Ergebnisse usw. wurden vom Autor nach bestem Wissen erstellt und von ihm und dem Verlag mit gr\u00f6\u00dftm\u00f6glicher Sorgfalt \u00fcberpr\u00fcft. Gleichwohl sind inhaltliche Fehler nicht auszuschlie\u00dfen. Daher erfolgen alle Angaben ohne jegliche Verpflichtung oder Garantie des Verlages oder des Autoren. Sie garantieren nicht oder haften nicht f\u00fcr etwaige inhaltliche Unrichtigkeiten (Produkthaftungsauschluss). Im Text sind Warennamen, die patent- oder urheberrechtlich gesch\u00fctzt sind, nicht unbedingt als solche gekennzeichnet. Aus dem Fehlen eines besonderen Hinweises oder des Zeichen \u00a9 darf nicht geschlossen werden, es besteht kein Warenschutz.<\/span><\/p>\n<p class=\"p1\"><span class=\"s1\"><b>Produktion<\/b>: teamwork media srl e Palmeri Media Group (PMG)<br \/>\n<a href=\"https:\/\/www.teamwork-media.com\/\"><span class=\"s2\">www.teamwork-media.com<\/span><\/a><br \/>\n<a href=\"https:\/\/www.palmerimediagroup.com\/\"><span class=\"s2\">www.palmerimediagroup.com<\/span><\/a><\/span><\/p>\n<p class=\"p1\"><span class=\"s1\"><b>Layout<\/b>: Simon Asselmann<\/span><\/p>\n<p class=\"p1\"><span class=\"s1\">\u00a0<\/span><\/p>\n<p class=\"p1\"><span class=\"s1\">ISBN 978-88-89626-71-9<\/span><\/p>\n","protected":false},"excerpt":{"rendered":"<p class=\"p1\"><span class=\"s1\"><b>Autoren: <\/b>Alberto Battistelli,\u00a0Dario Severino<\/span><\/p>\n<p class=\"p1\"><span class=\"s1\"><b>Produktion: <\/b>teamwork media srl and Palmeri Media Group (PMG)<\/span><\/p>\n","protected":false},"featured_media":8809,"comment_status":"open","ping_status":"closed","template":"","meta":{"_uag_custom_page_level_css":"","site-sidebar-layout":"default","site-content-layout":"","ast-site-content-layout":"default","site-content-style":"default","site-sidebar-style":"default","ast-global-header-display":"","ast-banner-title-visibility":"","ast-main-header-display":"","ast-hfb-above-header-display":"","ast-hfb-below-header-display":"","ast-hfb-mobile-header-display":"","site-post-title":"","ast-breadcrumbs-content":"","ast-featured-img":"","footer-sml-layout":"","theme-transparent-header-meta":"default","adv-header-id-meta":"","stick-header-meta":"","header-above-stick-meta":"","header-main-stick-meta":"","header-below-stick-meta":"","astra-migrate-meta-layouts":"set","ast-page-background-enabled":"default","ast-page-background-meta":{"desktop":{"background-color":"","background-image":"","background-repeat":"repeat","background-position":"center center","background-size":"auto","background-attachment":"scroll","background-type":"","background-media":"","overlay-type":"","overlay-color":"","overlay-opacity":"","overlay-gradient":""},"tablet":{"background-color":"","background-image":"","background-repeat":"repeat","background-position":"center center","background-size":"auto","background-attachment":"scroll","background-type":"","background-media":"","overlay-type":"","overlay-color":"","overlay-opacity":"","overlay-gradient":""},"mobile":{"background-color":"","background-image":"","background-repeat":"repeat","background-position":"center center","background-size":"auto","background-attachment":"scroll","background-type":"","background-media":"","overlay-type":"","overlay-color":"","overlay-opacity":"","overlay-gradient":""}},"ast-content-background-meta":{"desktop":{"background-color":"var(--ast-global-color-5)","background-image":"","background-repeat":"repeat","background-position":"center center","background-size":"auto","background-attachment":"scroll","background-type":"","background-media":"","overlay-type":"","overlay-color":"","overlay-opacity":"","overlay-gradient":""},"tablet":{"background-color":"var(--ast-global-color-5)","background-image":"","background-repeat":"repeat","background-position":"center center","background-size":"auto","background-attachment":"scroll","background-type":"","background-media":"","overlay-type":"","overlay-color":"","overlay-opacity":"","overlay-gradient":""},"mobile":{"background-color":"var(--ast-global-color-5)","background-image":"","background-repeat":"repeat","background-position":"center center","background-size":"auto","background-attachment":"scroll","background-type":"","background-media":"","overlay-type":"","overlay-color":"","overlay-opacity":"","overlay-gradient":""}}},"product_brand":[],"product_cat":[100,92],"product_tag":[],"class_list":{"0":"post-8808","1":"product","2":"type-product","3":"status-publish","4":"has-post-thumbnail","6":"product_cat-zahnmedizin","7":"product_cat-zahntechnik","8":"desktop-align-center","9":"tablet-align-center","10":"mobile-align-center","12":"first","13":"instock","14":"downloadable","15":"virtual","16":"purchasable","17":"product-type-simple"},"lang":"de","translations":{"de":8808},"uagb_featured_image_src":{"full":["https:\/\/youdental.conversa-dev.it\/wp-content\/uploads\/2025\/06\/albylese-cover.jpg",575,535,false],"thumbnail":["https:\/\/youdental.conversa-dev.it\/wp-content\/uploads\/2025\/06\/albylese-cover-150x150.jpg",150,150,true],"medium":["https:\/\/youdental.conversa-dev.it\/wp-content\/uploads\/2025\/06\/albylese-cover-300x279.jpg",300,279,true],"medium_large":["https:\/\/youdental.conversa-dev.it\/wp-content\/uploads\/2025\/06\/albylese-cover.jpg",575,535,false],"large":["https:\/\/youdental.conversa-dev.it\/wp-content\/uploads\/2025\/06\/albylese-cover.jpg",575,535,false],"1536x1536":["https:\/\/youdental.conversa-dev.it\/wp-content\/uploads\/2025\/06\/albylese-cover.jpg",575,535,false],"2048x2048":["https:\/\/youdental.conversa-dev.it\/wp-content\/uploads\/2025\/06\/albylese-cover.jpg",575,535,false],"woocommerce_thumbnail":["https:\/\/youdental.conversa-dev.it\/wp-content\/uploads\/2025\/06\/albylese-cover-300x300.jpg",300,300,true],"woocommerce_single":["https:\/\/youdental.conversa-dev.it\/wp-content\/uploads\/2025\/06\/albylese-cover.jpg",575,535,false],"woocommerce_gallery_thumbnail":["https:\/\/youdental.conversa-dev.it\/wp-content\/uploads\/2025\/06\/albylese-cover-100x100.jpg",100,100,true]},"uagb_author_info":{"display_name":"redazione","author_link":"https:\/\/youdental.conversa-dev.it\/?author=0"},"uagb_comment_info":0,"uagb_excerpt":"Autoren: Alberto Battistelli,\u00a0Dario Severino Produktion: teamwork media srl and Palmeri Media Group (PMG)","jetpack_sharing_enabled":true,"pll_sync_post":[],"_links":{"self":[{"href":"https:\/\/youdental.conversa-dev.it\/index.php?rest_route=\/wp\/v2\/product\/8808","targetHints":{"allow":["GET"]}}],"collection":[{"href":"https:\/\/youdental.conversa-dev.it\/index.php?rest_route=\/wp\/v2\/product"}],"about":[{"href":"https:\/\/youdental.conversa-dev.it\/index.php?rest_route=\/wp\/v2\/types\/product"}],"replies":[{"embeddable":true,"href":"https:\/\/youdental.conversa-dev.it\/index.php?rest_route=%2Fwp%2Fv2%2Fcomments&post=8808"}],"wp:featuredmedia":[{"embeddable":true,"href":"https:\/\/youdental.conversa-dev.it\/index.php?rest_route=\/wp\/v2\/media\/8809"}],"wp:attachment":[{"href":"https:\/\/youdental.conversa-dev.it\/index.php?rest_route=%2Fwp%2Fv2%2Fmedia&parent=8808"}],"wp:term":[{"taxonomy":"product_brand","embeddable":true,"href":"https:\/\/youdental.conversa-dev.it\/index.php?rest_route=%2Fwp%2Fv2%2Fproduct_brand&post=8808"},{"taxonomy":"product_cat","embeddable":true,"href":"https:\/\/youdental.conversa-dev.it\/index.php?rest_route=%2Fwp%2Fv2%2Fproduct_cat&post=8808"},{"taxonomy":"product_tag","embeddable":true,"href":"https:\/\/youdental.conversa-dev.it\/index.php?rest_route=%2Fwp%2Fv2%2Fproduct_tag&post=8808"}],"curies":[{"name":"wp","href":"https:\/\/api.w.org\/{rel}","templated":true}]}}