{"id":7759,"date":"2023-09-26T07:48:36","date_gmt":"2023-09-26T07:48:36","guid":{"rendered":"https:\/\/ebook.dental\/?post_type=product&#038;p=7759"},"modified":"2025-04-30T14:05:59","modified_gmt":"2025-04-30T14:05:59","slug":"riabilitazione-tra-funzione-ed-estetica-usura-dentale-2","status":"publish","type":"product","link":"https:\/\/youdental.conversa-dev.it\/?product=riabilitazione-tra-funzione-ed-estetica-usura-dentale-2&lang=it","title":{"rendered":"RIABILITAZIONE TRA FUNZIONE ED ESTETICA. USURA DENTALE"},"content":{"rendered":"<p><strong>Abstract<\/strong>:<\/p>\n<p>Volendo spendere due parole per descrivervi la struttura del testo, dovremmo partire dal presupposto che saper gestire ogni singola riabilitazione protesica fissa, dalle pi\u00f9 semplici alle pi\u00f9 complesse, presuppone la conoscenza da parte del team protesico di corretti protocolli di lavoro che seguano un iter diagnosti-co-terapeutico fedelmente riproducibile sia nella clinica che nel laboratorio. L\u2019ef-ficacia di una METODICA implica la codifica di precisi passaggi facilmente repli-cabili. La sempre pi\u00f9 comune patologia dell\u2019USURA DENTALE impone l\u2019obbligo professionale di saper gestire, con relativa semplicit\u00e0, le corrette metodiche di ripristino sia estetico che funzionale della dentatura compromessa. Il continuo sviluppo merceologico dei materiali e i moderni studi sull\u2019adesione consentono di essere sempre pi\u00f9 conservativi: la minima invasivit\u00e0 ed il risparmio delle strut-ture dentali esistenti guidano, oggi pi\u00f9 che mai, la stesura dei piani di trattamen-to nella riabilitazione della dentatura usurata. Il nostro e-book tratta di casi che possano essere di aiuto e di spunto a tutti coloro che vogliano affrontare riabili-tazioni con piccoli, medi o grandi rialzi della dimensione verticale, mediante l\u2019uti-lizzo di tecniche ricostruttive additive dirette oppure indirette, protesiche o im-plantari. A tutti Voi, gli autori augurano buona lettura.<\/p>\n<p>Claudio, Sandro e Stefano<\/p>\n<p><strong>Copyright<\/strong>:<\/p>\n<p>\u00a9 2021 &#8211; teamwork media srl &#8211; 25069 Villa Carcina (BS) &#8211; Via Sicilia, 21\/a e Palmeri Media Group (PMG) &#8211; 35-145 Royal Crest Court, Markham, ON L3R 9Z4.<\/p>\n<p>Tutti i diritti riservati. Questo eBook \u00e8 protetto da copyright. Nessuna parte di esso pu\u00f2 essere riprodotta, contenuta in un sistema di recupero o trasmessa in ogni forma o con ogni mezzo elettronico, meccanico, di fotocopie, incisione o altrimenti senza permesso scritto dell\u2019editore. Tutte le indicazioni, risultati, ecc. contenuti in quest\u2019opera sono stati elaborati dall\u2019autore in modo coscienzioso e controllati dallo stesso e dal lettore con la massima accuratezza. Nonostante ci\u00f2 non si possono escludere a priori degli errori. Per tanto ogni indicazione contenuta in quest\u2019opera \u00e8 senza garanzia sia da parte dell\u2019autore sia da parte dell\u2019editore. Non si garantisce e non si risponde per eventuali errori di contenuto. Nel testo, i nomi dei prodotti che sono protetti da brevetto o copyright non sono necessariamente contrassegnati come tali. L&#8217;assenza di un riferimento speciale o del simbolo \u00a9 non deve portare alla conclusione che non c&#8217;\u00e8 protezione dei prodotti.<\/p>\n<p>Produzione: teamwork media srl e Palmeri Media Group (PMG)<\/p>\n<p><a href=\"http:\/\/www.teamwork-media.com\/\">www.teamwork-media.com<\/a><\/p>\n<p><a href=\"http:\/\/www.palmerimediagroup.com\/\">www.palmerimediagroup.com<\/a><\/p>\n<p><span class=\"gmail-Apple-converted-space\">\u00a0<\/span><\/p>\n<p>Layout: Simon Asselmann, Annamaria Guerrini<\/p>\n<p>&nbsp;<\/p>\n<p>ISBN 978-88-89626-51-1<\/p>\n","protected":false},"excerpt":{"rendered":"<p><strong>Autori<\/strong>: Claudio Nannini, Sandro Pradella, Stefano Lombardo<\/p>\n<p><strong>Editori<\/strong>: Teamwork Media srl e Palmeri Media Group (PMG)<\/p>\n","protected":false},"featured_media":7760,"comment_status":"closed","ping_status":"closed","template":"","meta":{"_uag_custom_page_level_css":"","site-sidebar-layout":"default","site-content-layout":"default","ast-site-content-layout":"default","site-content-style":"default","site-sidebar-style":"default","ast-global-header-display":"","ast-banner-title-visibility":"","ast-main-header-display":"","ast-hfb-above-header-display":"","ast-hfb-below-header-display":"","ast-hfb-mobile-header-display":"","site-post-title":"","ast-breadcrumbs-content":"","ast-featured-img":"","footer-sml-layout":"","theme-transparent-header-meta":"default","adv-header-id-meta":"","stick-header-meta":"","header-above-stick-meta":"","header-main-stick-meta":"","header-below-stick-meta":"","astra-migrate-meta-layouts":"set","ast-page-background-enabled":"default","ast-page-background-meta":{"desktop":{"background-color":"","background-image":"","background-repeat":"repeat","background-position":"center center","background-size":"auto","background-attachment":"scroll","background-type":"","background-media":"","overlay-type":"","overlay-color":"","overlay-opacity":"","overlay-gradient":""},"tablet":{"background-color":"","background-image":"","background-repeat":"repeat","background-position":"center center","background-size":"auto","background-attachment":"scroll","background-type":"","background-media":"","overlay-type":"","overlay-color":"","overlay-opacity":"","overlay-gradient":""},"mobile":{"background-color":"","background-image":"","background-repeat":"repeat","background-position":"center center","background-size":"auto","background-attachment":"scroll","background-type":"","background-media":"","overlay-type":"","overlay-color":"","overlay-opacity":"","overlay-gradient":""}},"ast-content-background-meta":{"desktop":{"background-color":"var(--ast-global-color-5)","background-image":"","background-repeat":"repeat","background-position":"center center","background-size":"auto","background-attachment":"scroll","background-type":"","background-media":"","overlay-type":"","overlay-color":"","overlay-opacity":"","overlay-gradient":""},"tablet":{"background-color":"var(--ast-global-color-5)","background-image":"","background-repeat":"repeat","background-position":"center center","background-size":"auto","background-attachment":"scroll","background-type":"","background-media":"","overlay-type":"","overlay-color":"","overlay-opacity":"","overlay-gradient":""},"mobile":{"background-color":"var(--ast-global-color-5)","background-image":"","background-repeat":"repeat","background-position":"center center","background-size":"auto","background-attachment":"scroll","background-type":"","background-media":"","overlay-type":"","overlay-color":"","overlay-opacity":"","overlay-gradient":""}}},"product_brand":[],"product_cat":[98,90],"product_tag":[],"class_list":{"0":"post-7759","1":"product","2":"type-product","3":"status-publish","4":"has-post-thumbnail","6":"product_cat-odontoiatria","7":"product_cat-odontotecnica","8":"desktop-align-center","9":"tablet-align-center","10":"mobile-align-center","12":"first","13":"instock","14":"downloadable","15":"virtual","16":"sold-individually","17":"purchasable","18":"product-type-simple"},"lang":"it","translations":{"it":7759},"uagb_featured_image_src":{"full":["https:\/\/youdental.conversa-dev.it\/wp-content\/uploads\/2023\/09\/ANTENANNINIcover-575x535-1.jpg",2396,2229,false],"thumbnail":["https:\/\/youdental.conversa-dev.it\/wp-content\/uploads\/2023\/09\/ANTENANNINIcover-575x535-1-150x150.jpg",150,150,true],"medium":["https:\/\/youdental.conversa-dev.it\/wp-content\/uploads\/2023\/09\/ANTENANNINIcover-575x535-1-300x279.jpg",300,279,true],"medium_large":["https:\/\/youdental.conversa-dev.it\/wp-content\/uploads\/2023\/09\/ANTENANNINIcover-575x535-1-768x714.jpg",768,714,true],"large":["https:\/\/youdental.conversa-dev.it\/wp-content\/uploads\/2023\/09\/ANTENANNINIcover-575x535-1-1024x953.jpg",1024,953,true],"1536x1536":["https:\/\/youdental.conversa-dev.it\/wp-content\/uploads\/2023\/09\/ANTENANNINIcover-575x535-1-1536x1429.jpg",1536,1429,true],"2048x2048":["https:\/\/youdental.conversa-dev.it\/wp-content\/uploads\/2023\/09\/ANTENANNINIcover-575x535-1-2048x1905.jpg",2048,1905,true],"woocommerce_thumbnail":["https:\/\/youdental.conversa-dev.it\/wp-content\/uploads\/2023\/09\/ANTENANNINIcover-575x535-1-300x300.jpg",300,300,true],"woocommerce_single":["https:\/\/youdental.conversa-dev.it\/wp-content\/uploads\/2023\/09\/ANTENANNINIcover-575x535-1-600x558.jpg",600,558,true],"woocommerce_gallery_thumbnail":["https:\/\/youdental.conversa-dev.it\/wp-content\/uploads\/2023\/09\/ANTENANNINIcover-575x535-1-100x100.jpg",100,100,true]},"uagb_author_info":{"display_name":"redazione","author_link":"https:\/\/youdental.conversa-dev.it\/?author=0"},"uagb_comment_info":0,"uagb_excerpt":"Autori: Claudio Nannini, Sandro Pradella, Stefano Lombardo Editori: Teamwork Media srl e Palmeri Media Group (PMG)","jetpack_sharing_enabled":true,"pll_sync_post":[],"_links":{"self":[{"href":"https:\/\/youdental.conversa-dev.it\/index.php?rest_route=\/wp\/v2\/product\/7759","targetHints":{"allow":["GET"]}}],"collection":[{"href":"https:\/\/youdental.conversa-dev.it\/index.php?rest_route=\/wp\/v2\/product"}],"about":[{"href":"https:\/\/youdental.conversa-dev.it\/index.php?rest_route=\/wp\/v2\/types\/product"}],"replies":[{"embeddable":true,"href":"https:\/\/youdental.conversa-dev.it\/index.php?rest_route=%2Fwp%2Fv2%2Fcomments&post=7759"}],"wp:featuredmedia":[{"embeddable":true,"href":"https:\/\/youdental.conversa-dev.it\/index.php?rest_route=\/wp\/v2\/media\/7760"}],"wp:attachment":[{"href":"https:\/\/youdental.conversa-dev.it\/index.php?rest_route=%2Fwp%2Fv2%2Fmedia&parent=7759"}],"wp:term":[{"taxonomy":"product_brand","embeddable":true,"href":"https:\/\/youdental.conversa-dev.it\/index.php?rest_route=%2Fwp%2Fv2%2Fproduct_brand&post=7759"},{"taxonomy":"product_cat","embeddable":true,"href":"https:\/\/youdental.conversa-dev.it\/index.php?rest_route=%2Fwp%2Fv2%2Fproduct_cat&post=7759"},{"taxonomy":"product_tag","embeddable":true,"href":"https:\/\/youdental.conversa-dev.it\/index.php?rest_route=%2Fwp%2Fv2%2Fproduct_tag&post=7759"}],"curies":[{"name":"wp","href":"https:\/\/api.w.org\/{rel}","templated":true}]}}