{"id":6235,"date":"2023-06-28T14:52:34","date_gmt":"2023-06-28T14:52:34","guid":{"rendered":"http:\/\/ebookdentalp.local\/?page_id=6235"},"modified":"2025-04-16T18:22:35","modified_gmt":"2025-04-16T18:22:35","slug":"about-de","status":"publish","type":"page","link":"https:\/\/youdental.conversa-dev.it\/?page_id=6235&lang=de","title":{"rendered":"About-DE"},"content":{"rendered":"\t\t<div data-elementor-type=\"wp-post\" data-elementor-id=\"6235\" class=\"elementor elementor-6235\" data-elementor-post-type=\"page\">\n\t\t\t\t\t\t<section class=\"elementor-section elementor-top-section elementor-element elementor-element-dbf4dab elementor-section-content-middle elementor-section-boxed elementor-section-height-default elementor-section-height-default\" data-id=\"dbf4dab\" data-element_type=\"section\" data-settings=\"{&quot;background_background&quot;:&quot;classic&quot;}\">\n\t\t\t\t\t\t\t<div class=\"elementor-background-overlay\"><\/div>\n\t\t\t\t\t\t\t<div class=\"elementor-container elementor-column-gap-default\">\n\t\t\t\t\t<div class=\"elementor-column elementor-col-100 elementor-top-column elementor-element elementor-element-171d567\" data-id=\"171d567\" data-element_type=\"column\">\n\t\t\t<div class=\"elementor-widget-wrap elementor-element-populated\">\n\t\t\t\t\t\t<div class=\"elementor-element elementor-element-ae8600c elementor-widget elementor-widget-heading\" data-id=\"ae8600c\" data-element_type=\"widget\" data-widget_type=\"heading.default\">\n\t\t\t\t<div class=\"elementor-widget-container\">\n\t\t\t\t\t<h1 class=\"elementor-heading-title elementor-size-default\">Wie funktioniert es?<\/h1>\t\t\t\t<\/div>\n\t\t\t\t<\/div>\n\t\t\t\t\t<\/div>\n\t\t<\/div>\n\t\t\t\t\t<\/div>\n\t\t<\/section>\n\t\t\t\t<section class=\"elementor-section elementor-top-section elementor-element elementor-element-ce6d310 elementor-section-content-middle elementor-section-height-min-height elementor-section-boxed elementor-section-height-default elementor-section-items-middle\" data-id=\"ce6d310\" data-element_type=\"section\" data-settings=\"{&quot;background_background&quot;:&quot;classic&quot;}\">\n\t\t\t\t\t\t<div class=\"elementor-container elementor-column-gap-default\">\n\t\t\t\t\t<div class=\"elementor-column elementor-col-100 elementor-top-column elementor-element elementor-element-2d19560\" data-id=\"2d19560\" data-element_type=\"column\" data-settings=\"{&quot;background_background&quot;:&quot;classic&quot;}\">\n\t\t\t<div class=\"elementor-widget-wrap elementor-element-populated\">\n\t\t\t\t\t\t<section class=\"elementor-section elementor-inner-section elementor-element elementor-element-4bf1775 elementor-section-content-top elementor-section-boxed elementor-section-height-default elementor-section-height-default\" data-id=\"4bf1775\" data-element_type=\"section\">\n\t\t\t\t\t\t<div class=\"elementor-container elementor-column-gap-default\">\n\t\t\t\t\t<div class=\"elementor-column elementor-col-33 elementor-inner-column elementor-element elementor-element-82a371c\" data-id=\"82a371c\" data-element_type=\"column\" data-settings=\"{&quot;background_background&quot;:&quot;classic&quot;}\">\n\t\t\t<div class=\"elementor-widget-wrap elementor-element-populated\">\n\t\t\t\t\t\t<div class=\"elementor-element elementor-element-d1a38a3 elementor-view-default elementor-widget elementor-widget-icon\" data-id=\"d1a38a3\" data-element_type=\"widget\" data-widget_type=\"icon.default\">\n\t\t\t\t<div class=\"elementor-widget-container\">\n\t\t\t\t\t\t\t<div class=\"elementor-icon-wrapper\">\n\t\t\t<div class=\"elementor-icon\">\n\t\t\t<i aria-hidden=\"true\" class=\"fas fa-money-check\"><\/i>\t\t\t<\/div>\n\t\t<\/div>\n\t\t\t\t\t\t<\/div>\n\t\t\t\t<\/div>\n\t\t\t\t<div class=\"elementor-element elementor-element-97b13b8 elementor-widget elementor-widget-heading\" data-id=\"97b13b8\" data-element_type=\"widget\" data-widget_type=\"heading.default\">\n\t\t\t\t<div class=\"elementor-widget-container\">\n\t\t\t\t\t<h5 class=\"elementor-heading-title elementor-size-default\">Das Buch kaufen<\/h5>\t\t\t\t<\/div>\n\t\t\t\t<\/div>\n\t\t\t\t<div class=\"elementor-element elementor-element-c2ce510 elementor-widget elementor-widget-spacer\" data-id=\"c2ce510\" data-element_type=\"widget\" data-widget_type=\"spacer.default\">\n\t\t\t\t<div class=\"elementor-widget-container\">\n\t\t\t\t\t\t\t<div class=\"elementor-spacer\">\n\t\t\t<div class=\"elementor-spacer-inner\"><\/div>\n\t\t<\/div>\n\t\t\t\t\t\t<\/div>\n\t\t\t\t<\/div>\n\t\t\t\t<div class=\"elementor-element elementor-element-97fd238 elementor-widget elementor-widget-bdt-toggle\" data-id=\"97fd238\" data-element_type=\"widget\" data-widget_type=\"bdt-toggle.default\">\n\t\t\t\t<div class=\"elementor-widget-container\">\n\t\t\t\t\t\n        <div class=\"bdt-show-hide-container\">\n            <div id=\"bdt-show-hide-97fd238\" class=\"bdt-show-hide\" data-settings=\"{&quot;id&quot;:&quot;97fd238&quot;,&quot;status_scrollspy&quot;:&quot;no&quot;,&quot;scrollspy_top_offset&quot;:70,&quot;scrollspy_time&quot;:1000,&quot;toggle_initially_open&quot;:&quot; &quot;,&quot;by_widget_selector_status&quot;:&quot;no&quot;,&quot;viewport_lg&quot;:1023,&quot;viewport_md&quot;:767}\">\n                <div class=\"bdt-show-hide-item \">\n                    <div class=\"bdt-show-hide-content\">\n                        <p style=\"margin-bottom: 1rem;\"><span style=\"color: #777777; font-family: Open Sans, Helvetica, Arial, sans-serif;\"><span style=\"font-size: 14px;\">Kaufen Sie das E-Book in unserem Shop. Beachten Sie, dass einige E-Books kostenlos sind.<\/span><\/span><\/p><p style=\"margin-bottom: 1rem;\"><span style=\"color: #777777; font-family: Open Sans, Helvetica, Arial, sans-serif;\"><span style=\"font-size: 14px;\">Wenn Sie Ihre erste Bestellung aufgeben, wird automatisch ein Konto f\u00fcr Sie erstellt, \u00fcber das Sie auf Ihren pers\u00f6nlichen Bereich zugreifen k\u00f6nnen, um Bestellungen einzusehen, das Passwort zu \u00e4ndern und vieles mehr.<\/span><\/span><\/p><p style=\"margin-bottom: 1rem;\"><span style=\"color: #777777; font-family: Open Sans, Helvetica, Arial, sans-serif;\"><span style=\"font-size: 14px;\">Bewahren Sie Ihre Zugangsdaten sorgf\u00e4ltig auf, da sie Ihnen auch den Zugriff auf die gekauften E-Books \u00fcber verschiedene Anwendungen erm\u00f6glichen, die wir Ihnen zur Verf\u00fcgung stellen.<\/span><\/span><\/p><p style=\"margin-bottom: 1rem;\"><span style=\"color: #777777; font-family: Open Sans, Helvetica, Arial, sans-serif;\"><span style=\"font-size: 14px;\">Die Account-Daten werden Ihnen per E-Mail bei der ersten Bestellung zugesandt.<\/span><\/span><\/p><p style=\"margin-bottom: 1rem;\"><span style=\"color: #777777; font-family: Open Sans, Helvetica, Arial, sans-serif;\"><span style=\"font-size: 14px;\">Bei jedem weiteren Kauf m\u00fcssen Sie bei der Abschluss des Kaufs nur noch Ihre Login-Daten eingeben und m\u00fcssen nicht erneut alle Rechnungsdaten eingeben, da diese automatisch vorgeschlagen werden.<\/span><\/span><\/p><p style=\"margin-bottom: 1rem;\"><span style=\"color: #777777; font-family: Open Sans, Helvetica, Arial, sans-serif;\"><span style=\"font-size: 14px;\">Bei Abschluss des Kaufs k\u00f6nnen Sie gegebenenfalls auch Ihre Promotion-Codes eingeben, die Sie besitzen.<\/span><\/span><\/p>                    <\/div>\n\n                    <a class=\"bdt-show-hide-title\" href='javascript:void(0)'>\n                        <!--  -->\n                                                                                                    <!--  -->\n                        <span class=\"bdt-toggle-open\">\n                            Alle Anzeigen                        <\/span>\n                        <span class=\"bdt-toggle-close\">\n                            Einklappen                        <\/span>\n                                                                                    <span class=\"bdt-show-hide-icon\" aria-hidden=\"true\">\n\n                                    <span class=\"bdt-show-hide-icon-closed\">\n                                        <i aria-hidden=\"true\" class=\"fa-fw fas fa-plus\"><\/i>                                    <\/span>\n\n                                    <span class=\"bdt-show-hide-icon-opened\">\n                                        <i aria-hidden=\"true\" class=\"fa-fw fas fa-minus\"><\/i>                                    <\/span>\n\n                                <\/span>\n                                                    \n                    <\/a>\n                <\/div>\n            <\/div>\n        <\/div>\n\n\t\t\t\t<\/div>\n\t\t\t\t<\/div>\n\t\t\t\t\t<\/div>\n\t\t<\/div>\n\t\t\t\t<div class=\"elementor-column elementor-col-33 elementor-inner-column elementor-element elementor-element-637ed06\" data-id=\"637ed06\" data-element_type=\"column\" data-settings=\"{&quot;background_background&quot;:&quot;classic&quot;}\">\n\t\t\t<div class=\"elementor-widget-wrap elementor-element-populated\">\n\t\t\t\t\t\t<div class=\"elementor-element elementor-element-d1c3144 elementor-view-default elementor-widget elementor-widget-icon\" data-id=\"d1c3144\" data-element_type=\"widget\" data-widget_type=\"icon.default\">\n\t\t\t\t<div class=\"elementor-widget-container\">\n\t\t\t\t\t\t\t<div class=\"elementor-icon-wrapper\">\n\t\t\t<div class=\"elementor-icon\">\n\t\t\t<i aria-hidden=\"true\" class=\"fab fa-google-play\"><\/i>\t\t\t<\/div>\n\t\t<\/div>\n\t\t\t\t\t\t<\/div>\n\t\t\t\t<\/div>\n\t\t\t\t<div class=\"elementor-element elementor-element-17f6f94 elementor-view-default elementor-widget elementor-widget-icon\" data-id=\"17f6f94\" data-element_type=\"widget\" data-widget_type=\"icon.default\">\n\t\t\t\t<div class=\"elementor-widget-container\">\n\t\t\t\t\t\t\t<div class=\"elementor-icon-wrapper\">\n\t\t\t<div class=\"elementor-icon\">\n\t\t\t<i aria-hidden=\"true\" class=\"fab fa-app-store\"><\/i>\t\t\t<\/div>\n\t\t<\/div>\n\t\t\t\t\t\t<\/div>\n\t\t\t\t<\/div>\n\t\t\t\t<div class=\"elementor-element elementor-element-46b9af0 elementor-widget elementor-widget-heading\" data-id=\"46b9af0\" data-element_type=\"widget\" data-widget_type=\"heading.default\">\n\t\t\t\t<div class=\"elementor-widget-container\">\n\t\t\t\t\t<h5 class=\"elementor-heading-title elementor-size-default\">Laden Sie die App Herunter<\/h5>\t\t\t\t<\/div>\n\t\t\t\t<\/div>\n\t\t\t\t<div class=\"elementor-element elementor-element-e061316 elementor-widget elementor-widget-spacer\" data-id=\"e061316\" data-element_type=\"widget\" data-widget_type=\"spacer.default\">\n\t\t\t\t<div class=\"elementor-widget-container\">\n\t\t\t\t\t\t\t<div class=\"elementor-spacer\">\n\t\t\t<div class=\"elementor-spacer-inner\"><\/div>\n\t\t<\/div>\n\t\t\t\t\t\t<\/div>\n\t\t\t\t<\/div>\n\t\t\t\t<div class=\"elementor-element elementor-element-8cda485 elementor-widget elementor-widget-bdt-toggle\" data-id=\"8cda485\" data-element_type=\"widget\" data-widget_type=\"bdt-toggle.default\">\n\t\t\t\t<div class=\"elementor-widget-container\">\n\t\t\t\t\t\n        <div class=\"bdt-show-hide-container\">\n            <div id=\"bdt-show-hide-8cda485\" class=\"bdt-show-hide\" data-settings=\"{&quot;id&quot;:&quot;8cda485&quot;,&quot;status_scrollspy&quot;:&quot;no&quot;,&quot;scrollspy_top_offset&quot;:70,&quot;scrollspy_time&quot;:1000,&quot;toggle_initially_open&quot;:&quot; &quot;,&quot;by_widget_selector_status&quot;:&quot;no&quot;,&quot;viewport_lg&quot;:1023,&quot;viewport_md&quot;:767}\">\n                <div class=\"bdt-show-hide-item \">\n                    <div class=\"bdt-show-hide-content\">\n                        <p style=\"margin-bottom: 1rem;\"><span style=\"color: #777777; font-family: Open Sans, Helvetica, Arial, sans-serif;\"><span style=\"font-size: 14px;\">Um den Inhalt, den Sie erworben haben, zu lesen, k\u00f6nnen Sie unsere App you.dental entweder im:<\/span><\/span><\/p>\n<ul>\n<li><span style=\"color: #777777; font-family: Open Sans, Helvetica, Arial, sans-serif;\"><span style=\"font-size: 14px;\"><a href=\"https:\/\/apps.apple.com\/it\/app\/ebook-dental\/id1579893114\" target=\"_blank\" rel=\"noopener\"><span style=\"text-decoration: underline;\"><strong>App Store f\u00fcr iPhones oder iPads<\/strong><\/span><\/a> oder<\/span><\/span><\/li>\n<li><a href=\"https:\/\/play.google.com\/store\/apps\/details?id=dental.ebook.shelf&amp;pli=1\" target=\"_blank\" rel=\"noopener\"><span style=\"text-decoration: underline;\"><strong><span style=\"color: #777777; font-family: Open Sans, Helvetica, Arial, sans-serif;\"><span style=\"font-size: 14px;\">im Google Play Store f\u00fcr Android-Telefone oder Tablets herunterladen<\/span><\/span><\/strong><\/span><\/a><\/li>\n<\/ul>                    <\/div>\n\n                    <a class=\"bdt-show-hide-title\" href='javascript:void(0)'>\n                        <!--  -->\n                                                                                                    <!--  -->\n                        <span class=\"bdt-toggle-open\">\n                            Alle Anzeigen                        <\/span>\n                        <span class=\"bdt-toggle-close\">\n                            Einklappen                        <\/span>\n                                                                                    <span class=\"bdt-show-hide-icon\" aria-hidden=\"true\">\n\n                                    <span class=\"bdt-show-hide-icon-closed\">\n                                        <i aria-hidden=\"true\" class=\"fa-fw fas fa-plus\"><\/i>                                    <\/span>\n\n                                    <span class=\"bdt-show-hide-icon-opened\">\n                                        <i aria-hidden=\"true\" class=\"fa-fw fas fa-minus\"><\/i>                                    <\/span>\n\n                                <\/span>\n                                                    \n                    <\/a>\n                <\/div>\n            <\/div>\n        <\/div>\n\n\t\t\t\t<\/div>\n\t\t\t\t<\/div>\n\t\t\t\t\t<\/div>\n\t\t<\/div>\n\t\t\t\t<div class=\"elementor-column elementor-col-33 elementor-inner-column elementor-element elementor-element-2af51e8\" data-id=\"2af51e8\" data-element_type=\"column\" data-settings=\"{&quot;background_background&quot;:&quot;classic&quot;}\">\n\t\t\t<div class=\"elementor-widget-wrap elementor-element-populated\">\n\t\t\t\t\t\t<div class=\"elementor-element elementor-element-4b41c3d elementor-view-default elementor-widget elementor-widget-icon\" data-id=\"4b41c3d\" data-element_type=\"widget\" data-widget_type=\"icon.default\">\n\t\t\t\t<div class=\"elementor-widget-container\">\n\t\t\t\t\t\t\t<div class=\"elementor-icon-wrapper\">\n\t\t\t<div class=\"elementor-icon\">\n\t\t\t<i aria-hidden=\"true\" class=\"fas fa-book-reader\"><\/i>\t\t\t<\/div>\n\t\t<\/div>\n\t\t\t\t\t\t<\/div>\n\t\t\t\t<\/div>\n\t\t\t\t<div class=\"elementor-element elementor-element-a20f258 elementor-widget elementor-widget-heading\" data-id=\"a20f258\" data-element_type=\"widget\" data-widget_type=\"heading.default\">\n\t\t\t\t<div class=\"elementor-widget-container\">\n\t\t\t\t\t<h5 class=\"elementor-heading-title elementor-size-default\">Die Bu\u0308cher Lesen<\/h5>\t\t\t\t<\/div>\n\t\t\t\t<\/div>\n\t\t\t\t<div class=\"elementor-element elementor-element-976bccf elementor-widget elementor-widget-spacer\" data-id=\"976bccf\" data-element_type=\"widget\" data-widget_type=\"spacer.default\">\n\t\t\t\t<div class=\"elementor-widget-container\">\n\t\t\t\t\t\t\t<div class=\"elementor-spacer\">\n\t\t\t<div class=\"elementor-spacer-inner\"><\/div>\n\t\t<\/div>\n\t\t\t\t\t\t<\/div>\n\t\t\t\t<\/div>\n\t\t\t\t<div class=\"elementor-element elementor-element-84f7676 elementor-widget elementor-widget-bdt-toggle\" data-id=\"84f7676\" data-element_type=\"widget\" data-widget_type=\"bdt-toggle.default\">\n\t\t\t\t<div class=\"elementor-widget-container\">\n\t\t\t\t\t\n        <div class=\"bdt-show-hide-container\">\n            <div id=\"bdt-show-hide-84f7676\" class=\"bdt-show-hide\" data-settings=\"{&quot;id&quot;:&quot;84f7676&quot;,&quot;status_scrollspy&quot;:&quot;no&quot;,&quot;scrollspy_top_offset&quot;:70,&quot;scrollspy_time&quot;:1000,&quot;toggle_initially_open&quot;:&quot; &quot;,&quot;by_widget_selector_status&quot;:&quot;no&quot;,&quot;viewport_lg&quot;:1023,&quot;viewport_md&quot;:767}\">\n                <div class=\"bdt-show-hide-item \">\n                    <div class=\"bdt-show-hide-content\">\n                        <p style=\"margin-bottom: 1rem;\"><span style=\"color: #777777; font-family: Open Sans, Helvetica, Arial, sans-serif;\"><span style=\"font-size: 14px;\">Um die E-Books zu lesen, melden Sie sich bitte mit derselben E-Mail-Adresse und demselben Passwort an, mit denen Sie die E-Books gekauft haben:<\/span><\/span><\/p><ul><li><span style=\"color: #777777; font-family: Open Sans, Helvetica, Arial, sans-serif;\"><span style=\"font-size: 14px;\">Lesen Sie sie in der heruntergeladenen App auf Ihrem iPhone oder Android-Telefon.\u00a0<\/span><\/span><\/li><li><span style=\"text-decoration: underline;\"><strong><a href=\"https:\/\/app.ebook.dental\/\" target=\"_blank\" rel=\"noopener\"><span style=\"color: #777777; font-family: Open Sans, Helvetica, Arial, sans-serif;\"><span style=\"font-size: 14px;\">Lesen Sie sie direkt auf Ihrem Desktop &#8211; klicken Sie auf die Schaltfl\u00e4che &#8220;Lesen&#8221; auf dieser Website.<\/span><\/span><\/a><\/strong><\/span><\/li><\/ul>                    <\/div>\n\n                    <a class=\"bdt-show-hide-title\" href='javascript:void(0)'>\n                        <!--  -->\n                                                                                                    <!--  -->\n                        <span class=\"bdt-toggle-open\">\n                            Alle Anzeigen                        <\/span>\n                        <span class=\"bdt-toggle-close\">\n                            Einklappen                        <\/span>\n                                                                                    <span class=\"bdt-show-hide-icon\" aria-hidden=\"true\">\n\n                                    <span class=\"bdt-show-hide-icon-closed\">\n                                        <i aria-hidden=\"true\" class=\"fa-fw fas fa-plus\"><\/i>                                    <\/span>\n\n                                    <span class=\"bdt-show-hide-icon-opened\">\n                                        <i aria-hidden=\"true\" class=\"fa-fw fas fa-minus\"><\/i>                                    <\/span>\n\n                                <\/span>\n                                                    \n                    <\/a>\n                <\/div>\n            <\/div>\n        <\/div>\n\n\t\t\t\t<\/div>\n\t\t\t\t<\/div>\n\t\t\t\t\t<\/div>\n\t\t<\/div>\n\t\t\t\t\t<\/div>\n\t\t<\/section>\n\t\t\t\t\t<\/div>\n\t\t<\/div>\n\t\t\t\t\t<\/div>\n\t\t<\/section>\n\t\t\t\t<\/div>\n\t\t","protected":false},"excerpt":{"rendered":"<p>Wie funktioniert es? Das Buch kaufen Kaufen Sie das E-Book in unserem Shop. Beachten Sie, dass einige E-Books kostenlos sind. Wenn Sie Ihre erste Bestellung aufgeben, wird automatisch ein Konto f\u00fcr Sie erstellt, \u00fcber das Sie auf Ihren pers\u00f6nlichen Bereich zugreifen k\u00f6nnen, um Bestellungen einzusehen, das Passwort zu \u00e4ndern und vieles mehr. Bewahren Sie Ihre [&hellip;]<\/p>\n","protected":false},"author":1,"featured_media":0,"parent":0,"menu_order":0,"comment_status":"closed","ping_status":"closed","template":"","meta":{"_uag_custom_page_level_css":"","site-sidebar-layout":"default","site-content-layout":"","ast-site-content-layout":"default","site-content-style":"default","site-sidebar-style":"default","ast-global-header-display":"","ast-banner-title-visibility":"","ast-main-header-display":"","ast-hfb-above-header-display":"","ast-hfb-below-header-display":"","ast-hfb-mobile-header-display":"","site-post-title":"disabled","ast-breadcrumbs-content":"","ast-featured-img":"","footer-sml-layout":"","theme-transparent-header-meta":"","adv-header-id-meta":"","stick-header-meta":"","header-above-stick-meta":"","header-main-stick-meta":"","header-below-stick-meta":"","astra-migrate-meta-layouts":"default","ast-page-background-enabled":"default","ast-page-background-meta":{"desktop":{"background-color":"","background-image":"","background-repeat":"repeat","background-position":"center center","background-size":"auto","background-attachment":"scroll","background-type":"","background-media":"","overlay-type":"","overlay-color":"","overlay-opacity":"","overlay-gradient":""},"tablet":{"background-color":"","background-image":"","background-repeat":"repeat","background-position":"center center","background-size":"auto","background-attachment":"scroll","background-type":"","background-media":"","overlay-type":"","overlay-color":"","overlay-opacity":"","overlay-gradient":""},"mobile":{"background-color":"","background-image":"","background-repeat":"repeat","background-position":"center center","background-size":"auto","background-attachment":"scroll","background-type":"","background-media":"","overlay-type":"","overlay-color":"","overlay-opacity":"","overlay-gradient":""}},"ast-content-background-meta":{"desktop":{"background-color":"var(--ast-global-color-5)","background-image":"","background-repeat":"repeat","background-position":"center center","background-size":"auto","background-attachment":"scroll","background-type":"","background-media":"","overlay-type":"","overlay-color":"","overlay-opacity":"","overlay-gradient":""},"tablet":{"background-color":"var(--ast-global-color-5)","background-image":"","background-repeat":"repeat","background-position":"center center","background-size":"auto","background-attachment":"scroll","background-type":"","background-media":"","overlay-type":"","overlay-color":"","overlay-opacity":"","overlay-gradient":""},"mobile":{"background-color":"var(--ast-global-color-5)","background-image":"","background-repeat":"repeat","background-position":"center center","background-size":"auto","background-attachment":"scroll","background-type":"","background-media":"","overlay-type":"","overlay-color":"","overlay-opacity":"","overlay-gradient":""}},"footnotes":""},"class_list":["post-6235","page","type-page","status-publish","hentry"],"lang":"de","translations":{"de":6235,"it":5871,"en":96,"es":6245},"uagb_featured_image_src":{"full":false,"thumbnail":false,"medium":false,"medium_large":false,"large":false,"1536x1536":false,"2048x2048":false,"woocommerce_thumbnail":false,"woocommerce_single":false,"woocommerce_gallery_thumbnail":false},"uagb_author_info":{"display_name":"ebookdentalp","author_link":"https:\/\/youdental.conversa-dev.it\/?author=1"},"uagb_comment_info":0,"uagb_excerpt":"Wie funktioniert es? Das Buch kaufen Kaufen Sie das E-Book in unserem Shop. Beachten Sie, dass einige E-Books kostenlos sind. Wenn Sie Ihre erste Bestellung aufgeben, wird automatisch ein Konto f\u00fcr Sie erstellt, \u00fcber das Sie auf Ihren pers\u00f6nlichen Bereich zugreifen k\u00f6nnen, um Bestellungen einzusehen, das Passwort zu \u00e4ndern und vieles mehr. Bewahren Sie Ihre&hellip;","jetpack_sharing_enabled":true,"pll_sync_post":[],"_links":{"self":[{"href":"https:\/\/youdental.conversa-dev.it\/index.php?rest_route=\/wp\/v2\/pages\/6235","targetHints":{"allow":["GET"]}}],"collection":[{"href":"https:\/\/youdental.conversa-dev.it\/index.php?rest_route=\/wp\/v2\/pages"}],"about":[{"href":"https:\/\/youdental.conversa-dev.it\/index.php?rest_route=\/wp\/v2\/types\/page"}],"author":[{"embeddable":true,"href":"https:\/\/youdental.conversa-dev.it\/index.php?rest_route=\/wp\/v2\/users\/1"}],"replies":[{"embeddable":true,"href":"https:\/\/youdental.conversa-dev.it\/index.php?rest_route=%2Fwp%2Fv2%2Fcomments&post=6235"}],"version-history":[{"count":46,"href":"https:\/\/youdental.conversa-dev.it\/index.php?rest_route=\/wp\/v2\/pages\/6235\/revisions"}],"predecessor-version":[{"id":8667,"href":"https:\/\/youdental.conversa-dev.it\/index.php?rest_route=\/wp\/v2\/pages\/6235\/revisions\/8667"}],"wp:attachment":[{"href":"https:\/\/youdental.conversa-dev.it\/index.php?rest_route=%2Fwp%2Fv2%2Fmedia&parent=6235"}],"curies":[{"name":"wp","href":"https:\/\/api.w.org\/{rel}","templated":true}]}}