{"id":6160,"date":"2023-06-23T19:24:22","date_gmt":"2023-06-23T19:24:22","guid":{"rendered":"http:\/\/ebookdentalp.local\/?page_id=6160"},"modified":"2023-06-23T19:32:57","modified_gmt":"2023-06-23T19:32:57","slug":"terms-and-conditions-es","status":"publish","type":"page","link":"https:\/\/youdental.conversa-dev.it\/?page_id=6160&lang=es","title":{"rendered":"Terms and Conditions-ES"},"content":{"rendered":"\t\t<div data-elementor-type=\"wp-page\" data-elementor-id=\"6160\" class=\"elementor elementor-6160\" data-elementor-post-type=\"page\">\n\t\t\t\t\t\t<section class=\"elementor-section elementor-top-section elementor-element elementor-element-a115456 elementor-section-boxed elementor-section-height-default elementor-section-height-default\" data-id=\"a115456\" data-element_type=\"section\">\n\t\t\t\t\t\t<div class=\"elementor-container elementor-column-gap-default\">\n\t\t\t\t\t<div class=\"elementor-column elementor-col-100 elementor-top-column elementor-element elementor-element-fe9b098\" data-id=\"fe9b098\" data-element_type=\"column\">\n\t\t\t<div class=\"elementor-widget-wrap elementor-element-populated\">\n\t\t\t\t\t\t<div class=\"elementor-element elementor-element-988be6e elementor-widget elementor-widget-heading\" data-id=\"988be6e\" data-element_type=\"widget\" data-widget_type=\"heading.default\">\n\t\t\t\t<div class=\"elementor-widget-container\">\n\t\t\t\t\t<h1 class=\"elementor-heading-title elementor-size-default\">T\u00c9RMINOS Y CONDICIONES<\/h1>\t\t\t\t<\/div>\n\t\t\t\t<\/div>\n\t\t\t\t<div class=\"elementor-element elementor-element-471771f elementor-widget__width-initial elementor-widget elementor-widget-text-editor\" data-id=\"471771f\" data-element_type=\"widget\" data-widget_type=\"text-editor.default\">\n\t\t\t\t<div class=\"elementor-widget-container\">\n\t\t\t\t\t\t\t\t\t<p><\/p>\n<div>\n<div>\n<div>\n<div>\n<div>\n<div>\n<div>\n<div>\n<div>\n<h3 class=\"wp-block-heading\">Pagos&nbsp;<\/h3>\n<h3><span style=\"font-family: Open Sans, sans-serif;\"><span style=\"font-size: 16px;\">Pago con PayPal; puedes pagar con tu tarjeta de cr\u00e9dito si no tienes una cuenta de PayPal.<\/span><\/span><\/h3>\n<h3>Condiciones de venta<\/h3>\n<p><span style=\"background-color: var(--ast-global-color-4); font-size: 17px;\"><span style=\"font-family: Dosis, sans-serif;\"><b>Objeto&nbsp;<\/b><\/span><\/span><\/p>\n<p>Las presentes Condiciones Generales tienen por objeto la compra de productos realizada a distancia a trav\u00e9s de la red telem\u00e1tica en el sitio web &#8220;teamwork-media.com&#8221; perteneciente a teamwork media srl con domicilio en Villa Carcina (BS), v\u00eda Sicilia, 21a.<\/p>\n<p>Cada transacci\u00f3n de compra estar\u00e1 regulada por las disposiciones del Dlgs n. 185\/99 y, en cuanto a la protecci\u00f3n de la privacidad, estar\u00e1 sujeta a la normativa establecida por la Ley n. 675\/96 y sus modificaciones posteriores.<\/p>\n<p>En cualquier momento y sin previo aviso, teamwork media srl podr\u00e1 realizar las modificaciones que considere necesarias en el contenido de las Condiciones de venta; dichas modificaciones entrar\u00e1n en vigor a partir de la fecha de su publicaci\u00f3n en el sitio web.<\/p>\n<p><span style=\"font-family: Dosis, sans-serif;\"><span style=\"font-size: 17px;\"><b>Aceptaci\u00f3n de las condiciones generales de venta<\/b><\/span><\/span><\/p>\n<p>El Cliente, al enviar electr\u00f3nicamente la confirmaci\u00f3n de su orden de compra, acepta incondicionalmente y se compromete a cumplir en sus relaciones con teamwork media srl, en adelante teamwork-media.com, las condiciones generales y de pago, declarando haber le\u00eddo y aceptado todas las indicaciones proporcionadas de acuerdo con las normas antes mencionadas, y reconociendo que teamwork-media.com no se considera vinculado por condiciones diferentes a menos que se acuerden previamente por escrito.<\/p>\n<p><span style=\"font-family: Dosis, sans-serif;\"><span style=\"font-size: 17px;\"><b>Compromisos del cliente<\/b><\/span><\/span><\/p>\n<p>Estas Condiciones Generales de Venta deben ser examinadas en l\u00ednea por los clientes visitantes del sitio teamwork-media.com antes de confirmar sus compras. Por lo tanto, el env\u00edo de la confirmaci\u00f3n del pedido implica el pleno conocimiento de estas Condiciones Generales de Venta y su aceptaci\u00f3n \u00edntegra.<\/p>\n<p>Una vez completado el proceso de compra en l\u00ednea, el Cliente se compromete y obliga a imprimir y conservar estas condiciones generales de venta, que ya han sido vistas y aceptadas durante el proceso de compra realizado, para cumplir plenamente con el requisito establecido en los art\u00edculos 3 y 4 del Dlgs n. 185\/1999.<\/p>\n<p><span style=\"font-family: Dosis, sans-serif;\"><span style=\"font-size: 17px;\"><b>Modalidad de compra<\/b><\/span><\/span><\/p>\n<p>Teamwork-media.com es un sitio web de venta en l\u00ednea de productos editoriales.<\/p>\n<p>Las compras de los productos se realizan por parte del Cliente al precio indicado en el sitio web, que se confirmar\u00e1 al enviar la confirmaci\u00f3n del pedido.<\/p>\n<p>Antes de confirmar la compra, se le proporcionar\u00e1 al Cliente un resumen del costo unitario de cada producto seleccionado y el costo total en caso de comprar varios productos.<\/p>\n<p><span style=\"font-style: inherit; font-weight: inherit; color: var( --e-global-color-astglobalcolor0 ); background-color: var(--ast-global-color-4);\">Al confirmar la compra y completar la transacci\u00f3n, el Cliente recibir\u00e1 un correo electr\u00f3nico con la fecha y el importe total de su pedido, as\u00ed como los detalles del mismo.<\/span><\/p>\n<p>Los productos disponibles en el sitio web se presentan y describen en l\u00ednea en la secci\u00f3n correspondiente; no obstante, se deja claro que la representaci\u00f3n visual corresponde normalmente a la imagen fotogr\u00e1fica del art\u00edculo, y tiene \u00fanicamente fines de presentaci\u00f3n, sin ninguna garant\u00eda o compromiso por parte de teamwork media srl en cuanto a la exactitud de la correspondencia entre la imagen representada en el sitio web y el producto real (dimensiones, aspectos crom\u00e1ticos, etc.).<\/p>\n<p>Los precios y la disponibilidad de los productos est\u00e1n sujetos a cambios en cualquier momento y sin previo aviso.<\/p>\n<p><span style=\"font-family: Dosis, sans-serif;\"><span style=\"font-size: 17px;\"><b>Derecho de desistimiento<\/b><\/span><\/span><\/p>\n<p>Los libros en venta est\u00e1n cubiertos por la garant\u00eda del derecho de desistimiento establecido por el D.L. 15 de enero de 1992 n. 50 y el D.L. 22 de mayo de 1999 n. 185. Este derecho puede ser ejercido por el consumidor en un plazo de 10 (diez) d\u00edas a partir de la recepci\u00f3n del producto, mediante una carta certificada con acuse de recibo en la que manifieste su intenci\u00f3n de acogerse al beneficio otorgado por el D.L. 15 de enero de 1992 n. 50.<\/p>\n<p>Direcci\u00f3n a la que enviar la carta certificada:&nbsp;<\/p>\n<p>Teamwork Media Srl<\/p>\n<p><span style=\"background-color: var(--ast-global-color-4); color: var( --e-global-color-astglobalcolor0 ); font-style: inherit; font-weight: inherit;\">Via Sicilia 21\/a<\/span><\/p>\n<p>25069 Villa Carcina (BS)<\/p>\n<p>Teamwork Media Srl proceder\u00e1 al reembolso mediante transferencia bancaria en un plazo de treinta d\u00edas a partir de la recepci\u00f3n de la mercanc\u00eda para la cual se ha ejercido el derecho de desistimiento. Para cualquier otra informaci\u00f3n relacionada con el ejercicio del derecho de desistimiento, se ruega llamar al siguiente n\u00famero: 030 8988014.<\/p>\n<p><span style=\"font-family: Dosis, sans-serif;\"><span style=\"font-size: 17px;\"><b>Privacidad<\/b><\/span><\/span><\/p>\n<p>Informaci\u00f3n para los interesados en la compra de productos de teamwork media srl (art\u00edculo 13 del Decreto Legislativo 196\/2003)<\/p>\n<p>Los datos personales que nos has proporcionado y que proporcionar\u00e1s durante la relaci\u00f3n son tratados con el fin de cumplir con las obligaciones derivadas del contrato de compraventa del cual eres parte, as\u00ed como para cumplir con las obligaciones subsiguientes impuestas por leyes, regulaciones o normativa comunitaria.<\/p>\n<p>El tratamiento se lleva a cabo, tambi\u00e9n con el uso de medios electr\u00f3nicos, respetando los procedimientos establecidos por el art\u00edculo 11 del Decreto Legislativo 30 de junio de 2003, n. 196 (en adelante: la Ley), garantizando tus derechos, libertades fundamentales y dignidad, con especial referencia a la privacidad y la identidad personal. El tratamiento se llevar\u00e1 a cabo por un per\u00edodo de tiempo no superior al estrictamente necesario para cumplir con los fines antes mencionados.<\/p>\n<p>Los datos personales proporcionados por ti no se comunican a terceros.<\/p>\n<p>Hemos adoptado las medidas m\u00ednimas de seguridad para el tratamiento de tus datos personales establecidas en los art\u00edculos 33 y siguientes de la Ley. Nos comprometemos a ajustar dichas medidas de acuerdo con las modificaciones legislativas posteriores, as\u00ed como en relaci\u00f3n con la evoluci\u00f3n t\u00e9cnica del sector y la experiencia adquirida.<\/p>\n<p>Proporcionar tus datos personales es facultativo, pero es absolutamente indispensable para perseguir los fines del tratamiento antes mencionados. La falta de provisi\u00f3n de los datos conlleva necesariamente la imposibilidad de cumplir con las obligaciones derivadas de los eventuales contratos de compraventa celebrados.<\/p>\n<p>El responsable del tratamiento, es decir, la persona encargada de tomar decisiones sobre los fines y m\u00e9todos del tratamiento de tus datos personales, es teamwork media srl, con sede operativa en Villa Carcina (BS), Via Sicilia, 21a.<\/p>\n<p>El art\u00edculo 7 de la Ley, a continuaci\u00f3n, establece los derechos de los cuales eres titular en relaci\u00f3n con el tratamiento de tus datos personales mencionados anteriormente y que nos has proporcionado.<\/p>\n<p><span style=\"font-family: Dosis, sans-serif;\"><span style=\"font-size: 17px;\"><b>Informaci\u00f3n y reclamaciones<\/b><\/span><\/span><\/p>\n<p>Para cualquier aclaraci\u00f3n o reclamaci\u00f3n, puedes contactar con teamwork-media.com a trav\u00e9s del correo electr\u00f3nico redazione@teamwork-media.com.<\/p>\n<p><span style=\"font-family: Dosis, sans-serif;\"><span style=\"font-size: 17px;\"><b>Jurisdicci\u00f3n y competencia judicial<\/b><\/span><\/span><\/p>\n<p>Este contrato estar\u00e1 regido por la ley italiana. Para cualquier disputa relacionada con la validez, interpretaci\u00f3n o ejecuci\u00f3n de este contrato, la competencia territorial corresponder\u00e1 al juez del lugar de residencia o domicilio de Teamwork media srl.<\/p>\n<p><span style=\"font-family: Dosis, sans-serif;\"><span style=\"font-size: 17px;\"><b>Art. 7 del Decreto Legislativo 30 de junio de 2003, n. 196 &#8211; Derecho de acceso a los datos personales y otros derechos<\/b><\/span><\/span><\/p>\n<p><span style=\"color: #374151; font-family: S\u00f6hne, ui-sans-serif, system-ui, -apple-system, Segoe UI, Roboto, Ubuntu, Cantarell, Noto Sans, sans-serif, Helvetica Neue, Arial, Apple Color Emoji, Segoe UI Emoji, Segoe UI Symbol, Noto Color Emoji;\"><span style=\"white-space-collapse: preserve;\">El interesado tiene derecho a obtener la confirmaci\u00f3n de la existencia o no de datos personales que le conciernen, incluso si a\u00fan no han sido registrados, y su comunicaci\u00f3n en forma comprensible.<\/span><\/span>&nbsp;&nbsp;<\/p>\n<p><span style=\"background-color: var(--ast-global-color-4); color: var( --e-global-color-astglobalcolor0 ); font-style: inherit; font-weight: inherit; white-space-collapse: preserve;\">El interesado tiene derecho a obtener la indicaci\u00f3n:<\/span><\/p>\n<p><span style=\"background-color: var(--ast-global-color-4); white-space-collapse: preserve;\">del origen de los datos personales;<br>de las finalidades y modalidades del tratamiento;<br>de la l\u00f3gica aplicada en caso de tratamiento realizado con la ayuda de medios electr\u00f3nicos;<br>de los datos de identificaci\u00f3n del titular, de los responsables y del representante designado seg\u00fan el art\u00edculo 5, apartado 2;<br>de los sujetos o categor\u00edas de sujetos a los que se pueden comunicar los datos personales o que pueden tener conocimiento de ellos en calidad de representante designado en el territorio del Estado, responsables o encargados.<\/span><span style=\"background-color: var(--ast-global-color-4);\"><span style=\"white-space-collapse: preserve;\"><br><\/span><\/span><\/p>\n<p><span style=\"background-color: var(--ast-global-color-4);\"><span style=\"white-space-collapse: preserve;\">El interesado tiene derecho a obtener:<\/span><br><\/span><\/p>\n<p><\/p>\n<p>a. la actualizaci\u00f3n, rectificaci\u00f3n o, cuando est\u00e9 interesado, la integraci\u00f3n de los datos;<\/p>\n<p>b. la cancelaci\u00f3n, la transformaci\u00f3n en forma an\u00f3nima o el bloqueo de los datos tratados en violaci\u00f3n de la ley, incluidos aquellos cuya conservaci\u00f3n no es necesaria en relaci\u00f3n con los fines para los que se recopilaron o se trataron posteriormente;<\/p>\n<p>c. la certificaci\u00f3n de que las operaciones a las que se hace referencia en las letras a) y b) se han puesto en conocimiento, incluso en lo que respecta a su contenido, de aquellos a quienes se han comunicado o divulgado los datos, a menos que dicho cumplimiento resulte imposible o implique un esfuerzo manifiestamente desproporcionado en comparaci\u00f3n con el derecho protegido.<\/p>\n<p>El interesado tiene derecho a oponerse, total o parcialmente:<\/p>\n<p>por motivos leg\u00edtimos, al tratamiento de los datos personales que le conciernen, incluso si son pertinentes para la recopilaci\u00f3n;<\/p>\n<p>al tratamiento de los datos personales que le conciernen con fines de env\u00edo de material publicitario o de venta directa, o para la realizaci\u00f3n de investigaciones de mercado o de comunicaci\u00f3n comercial.<\/p>\n<p><span style=\"font-family: Dosis, sans-serif;\"><span style=\"font-size: 17px;\"><b>Cancelaci\u00f3n de pedidos por parte de TEAMWORK-MEDIA.COM<\/b><\/span><\/span><\/p>\n<p>TEAMWORK-MEDIA.COM se reserva el derecho de cancelar un pedido o un art\u00edculo del pedido en caso de que se den las siguientes circunstancias:<\/p><p>art\u00edculos que se informan como fuera de cat\u00e1logo;<\/p><p>art\u00edculos que no se puedan entregar debido a problemas;<\/p><p>fraudes contra TEAMWORK-MEDIA.COM.<\/p>\n<\/div>\n<\/div>\n<\/div>\n<\/div>\n<\/div>\n<\/div>\n<\/div>\n<\/div>\n<\/div>\n<div>\n<p><\/p>\n<\/div>\t\t\t\t\t\t\t\t<\/div>\n\t\t\t\t<\/div>\n\t\t\t\t\t<\/div>\n\t\t<\/div>\n\t\t\t\t\t<\/div>\n\t\t<\/section>\n\t\t\t\t<\/div>\n\t\t","protected":false},"excerpt":{"rendered":"<p>T\u00c9RMINOS Y CONDICIONES Pagos&nbsp; Pago con PayPal; puedes pagar con tu tarjeta de cr\u00e9dito si no tienes una cuenta de PayPal. Condiciones de venta Objeto&nbsp; Las presentes Condiciones Generales tienen por objeto la compra de productos realizada a distancia a trav\u00e9s de la red telem\u00e1tica en el sitio web &#8220;teamwork-media.com&#8221; perteneciente a teamwork media srl [&hellip;]<\/p>\n","protected":false},"author":1,"featured_media":0,"parent":0,"menu_order":0,"comment_status":"closed","ping_status":"closed","template":"","meta":{"_uag_custom_page_level_css":"","site-sidebar-layout":"no-sidebar","site-content-layout":"page-builder","ast-site-content-layout":"default","site-content-style":"default","site-sidebar-style":"default","ast-global-header-display":"","ast-banner-title-visibility":"","ast-main-header-display":"","ast-hfb-above-header-display":"","ast-hfb-below-header-display":"","ast-hfb-mobile-header-display":"","site-post-title":"disabled","ast-breadcrumbs-content":"","ast-featured-img":"disabled","footer-sml-layout":"","theme-transparent-header-meta":"","adv-header-id-meta":"","stick-header-meta":"","header-above-stick-meta":"","header-main-stick-meta":"","header-below-stick-meta":"","astra-migrate-meta-layouts":"default","ast-page-background-enabled":"default","ast-page-background-meta":{"desktop":{"background-color":"","background-image":"","background-repeat":"repeat","background-position":"center center","background-size":"auto","background-attachment":"scroll","background-type":"","background-media":"","overlay-type":"","overlay-color":"","overlay-opacity":"","overlay-gradient":""},"tablet":{"background-color":"","background-image":"","background-repeat":"repeat","background-position":"center center","background-size":"auto","background-attachment":"scroll","background-type":"","background-media":"","overlay-type":"","overlay-color":"","overlay-opacity":"","overlay-gradient":""},"mobile":{"background-color":"","background-image":"","background-repeat":"repeat","background-position":"center center","background-size":"auto","background-attachment":"scroll","background-type":"","background-media":"","overlay-type":"","overlay-color":"","overlay-opacity":"","overlay-gradient":""}},"ast-content-background-meta":{"desktop":{"background-color":"var(--ast-global-color-5)","background-image":"","background-repeat":"repeat","background-position":"center center","background-size":"auto","background-attachment":"scroll","background-type":"","background-media":"","overlay-type":"","overlay-color":"","overlay-opacity":"","overlay-gradient":""},"tablet":{"background-color":"var(--ast-global-color-5)","background-image":"","background-repeat":"repeat","background-position":"center center","background-size":"auto","background-attachment":"scroll","background-type":"","background-media":"","overlay-type":"","overlay-color":"","overlay-opacity":"","overlay-gradient":""},"mobile":{"background-color":"var(--ast-global-color-5)","background-image":"","background-repeat":"repeat","background-position":"center center","background-size":"auto","background-attachment":"scroll","background-type":"","background-media":"","overlay-type":"","overlay-color":"","overlay-opacity":"","overlay-gradient":""}},"footnotes":""},"class_list":["post-6160","page","type-page","status-publish","hentry"],"lang":"es","translations":{"es":6160,"it":6105,"en":6097,"de":6133},"uagb_featured_image_src":{"full":false,"thumbnail":false,"medium":false,"medium_large":false,"large":false,"1536x1536":false,"2048x2048":false,"woocommerce_thumbnail":false,"woocommerce_single":false,"woocommerce_gallery_thumbnail":false},"uagb_author_info":{"display_name":"ebookdentalp","author_link":"https:\/\/youdental.conversa-dev.it\/?author=1"},"uagb_comment_info":0,"uagb_excerpt":"T\u00c9RMINOS Y CONDICIONES Pagos&nbsp; Pago con PayPal; puedes pagar con tu tarjeta de cr\u00e9dito si no tienes una cuenta de PayPal. Condiciones de venta Objeto&nbsp; Las presentes Condiciones Generales tienen por objeto la compra de productos realizada a distancia a trav\u00e9s de la red telem\u00e1tica en el sitio web &#8220;teamwork-media.com&#8221; perteneciente a teamwork media srl&hellip;","jetpack_sharing_enabled":true,"pll_sync_post":[],"_links":{"self":[{"href":"https:\/\/youdental.conversa-dev.it\/index.php?rest_route=\/wp\/v2\/pages\/6160","targetHints":{"allow":["GET"]}}],"collection":[{"href":"https:\/\/youdental.conversa-dev.it\/index.php?rest_route=\/wp\/v2\/pages"}],"about":[{"href":"https:\/\/youdental.conversa-dev.it\/index.php?rest_route=\/wp\/v2\/types\/page"}],"author":[{"embeddable":true,"href":"https:\/\/youdental.conversa-dev.it\/index.php?rest_route=\/wp\/v2\/users\/1"}],"replies":[{"embeddable":true,"href":"https:\/\/youdental.conversa-dev.it\/index.php?rest_route=%2Fwp%2Fv2%2Fcomments&post=6160"}],"version-history":[{"count":7,"href":"https:\/\/youdental.conversa-dev.it\/index.php?rest_route=\/wp\/v2\/pages\/6160\/revisions"}],"predecessor-version":[{"id":6168,"href":"https:\/\/youdental.conversa-dev.it\/index.php?rest_route=\/wp\/v2\/pages\/6160\/revisions\/6168"}],"wp:attachment":[{"href":"https:\/\/youdental.conversa-dev.it\/index.php?rest_route=%2Fwp%2Fv2%2Fmedia&parent=6160"}],"curies":[{"name":"wp","href":"https:\/\/api.w.org\/{rel}","templated":true}]}}