{"id":6133,"date":"2023-06-23T19:06:00","date_gmt":"2023-06-23T19:06:00","guid":{"rendered":"http:\/\/ebookdentalp.local\/?page_id=6133"},"modified":"2023-06-23T19:16:48","modified_gmt":"2023-06-23T19:16:48","slug":"terms-and-conditions-de","status":"publish","type":"page","link":"https:\/\/youdental.conversa-dev.it\/?page_id=6133&lang=de","title":{"rendered":"Terms and Conditions-DE"},"content":{"rendered":"\t\t<div data-elementor-type=\"wp-page\" data-elementor-id=\"6133\" class=\"elementor elementor-6133\" data-elementor-post-type=\"page\">\n\t\t\t\t\t\t<section class=\"elementor-section elementor-top-section elementor-element elementor-element-a115456 elementor-section-boxed elementor-section-height-default elementor-section-height-default\" data-id=\"a115456\" data-element_type=\"section\">\n\t\t\t\t\t\t<div class=\"elementor-container elementor-column-gap-default\">\n\t\t\t\t\t<div class=\"elementor-column elementor-col-100 elementor-top-column elementor-element elementor-element-fe9b098\" data-id=\"fe9b098\" data-element_type=\"column\">\n\t\t\t<div class=\"elementor-widget-wrap elementor-element-populated\">\n\t\t\t\t\t\t<div class=\"elementor-element elementor-element-988be6e elementor-widget elementor-widget-heading\" data-id=\"988be6e\" data-element_type=\"widget\" data-widget_type=\"heading.default\">\n\t\t\t\t<div class=\"elementor-widget-container\">\n\t\t\t\t\t<h1 class=\"elementor-heading-title elementor-size-default\">GESCH\u00c4FTSBEDINGUNGEN<\/h1>\t\t\t\t<\/div>\n\t\t\t\t<\/div>\n\t\t\t\t<div class=\"elementor-element elementor-element-471771f elementor-widget__width-initial elementor-widget elementor-widget-text-editor\" data-id=\"471771f\" data-element_type=\"widget\" data-widget_type=\"text-editor.default\">\n\t\t\t\t<div class=\"elementor-widget-container\">\n\t\t\t\t\t\t\t\t\t<p><\/p><div><div><div><div><div><div><div><div><div><h3 class=\"wp-block-heading\">Zahlungen<\/h3><p>Zahlung mit PayPal; Sie k\u00f6nnen mit Ihrer Kreditkarte bezahlen, wenn Sie kein PayPal-Konto haben.<\/p><p><b style=\"font-size: 24px; font-family: Dosis, sans-serif; font-style: inherit; color: var( --e-global-color-astglobalcolor0 ); background-color: var(--ast-global-color-4);\">Verkaufsbedingungen<\/b><\/p><p><span style=\"font-family: Dosis, sans-serif;\"><span style=\"font-size: 17px;\"><b>Gegenstand<\/b><\/span><\/span><b style=\"font-style: inherit; color: var( --e-global-color-astglobalcolor0 ); font-family: Dosis, sans-serif; background-color: var(--ast-global-color-4); font-size: 17px;\">\u00a0<\/b><\/p><p>Die vorliegenden Allgemeinen Gesch\u00e4ftsbedingungen beziehen sich auf den Kauf von Produkten, der \u00fcber das Telematiknetzwerk auf der Website &#8220;teamwork-media.com&#8221; erfolgt, die im Besitz von teamwork media srl mit Sitz in Villa Carcina (BS), Via Sicilia, 21a, ist.<\/p><p>Jeder Kaufvorgang unterliegt den Bestimmungen des Gesetzesdekrets Nr. 185\/99 und bez\u00fcglich des Datenschutzes den Bestimmungen des Gesetzes Nr. 675\/96 und deren \u00c4nderungen.<\/p><p>Teamwork media srl kann jederzeit und ohne vorherige Ank\u00fcndigung die \u00c4nderungen am Inhalt der Verkaufsbedingungen vornehmen, die es f\u00fcr angemessen h\u00e4lt. Diese \u00c4nderungen treten ab dem Ver\u00f6ffentlichungsdatum auf der Website in Kraft.<\/p><p><span style=\"font-family: Dosis, sans-serif;\"><span style=\"font-size: 17px;\"><b>Akzeptanz der allgemeinen Verkaufsbedingungen<\/b><\/span><\/span><\/p><p>Der Kunde akzeptiert bedingungslos und verpflichtet sich, durch die elektronische \u00dcbermittlung der Best\u00e4tigung seiner Bestellung die allgemeinen Verkaufs- und Zahlungsbedingungen in seinen Beziehungen zu teamwork media srl, nachfolgend teamwork-media.com genannt, einzuhalten. Der Kunde erkl\u00e4rt, dass er von allen gem\u00e4\u00df den oben genannten Vorschriften erhaltenen Informationen Kenntnis genommen und diese akzeptiert hat. Gleichzeitig erkennt der Kunde an, dass teamwork-media.com nicht an andere Bedingungen gebunden ist, es sei denn, diese wurden zuvor schriftlich vereinbart.<\/p><p><span style=\"font-family: Dosis, sans-serif;\"><span style=\"font-size: 17px;\"><b>Verpflichtungen des Kunden<\/b><\/span><\/span><\/p><p>Die vorliegenden Allgemeinen Verkaufsbedingungen m\u00fcssen von den Kunden, die die Website teamwork-media.com besuchen, vor Best\u00e4tigung ihrer Eink\u00e4ufe online gepr\u00fcft werden. Die \u00dcbermittlung der Bestellbest\u00e4tigung impliziert daher das vollst\u00e4ndige Wissen \u00fcber diese Allgemeinen Verkaufsbedingungen und ihre vollst\u00e4ndige Akzeptanz.<\/p><p>Nach Abschluss des Online-Kaufvorgangs verpflichtet sich der Kunde, diese bereits eingesehenen und akzeptierten Allgemeinen Verkaufsbedingungen auszudrucken und aufzubewahren, um die Bedingungen gem\u00e4\u00df den Artikeln 3 und 4 des Gesetzesdekrets Nr. 185\/1999 vollst\u00e4ndig zu erf\u00fcllen.<\/p><p><span style=\"font-family: Dosis, sans-serif;\"><span style=\"font-size: 17px;\"><b>Kaufmodalit\u00e4ten<\/b><\/span><\/span><\/p><p>Teamwork-media.com ist eine Telematik-Website f\u00fcr den Verkauf von Verlagsprodukten.<\/p><p>Der Kunde t\u00e4tigt den Kauf der Produkte zum angegebenen Preis, der zum Zeitpunkt der Best\u00e4tigung der Bestellung best\u00e4tigt werden muss.<\/p><p><span style=\"font-style: inherit; font-weight: inherit; color: var( --e-global-color-astglobalcolor0 ); background-color: var(--ast-global-color-4);\">Vor Best\u00e4tigung des Kaufs wird dem Kunden der Einzelpreis jedes ausgew\u00e4hlten Produkts und der Gesamtpreis bei Kauf mehrerer Produkte zusammengefasst.<\/span><\/p><p>Nach Abschluss des Kaufs erh\u00e4lt der Kunde als Best\u00e4tigung der Transaktion eine E-Mail mit dem Datum, dem Gesamtbetrag seiner Bestellung und den detaillierten Informationen dazu.<\/p><p><span style=\"font-style: inherit; font-weight: inherit; color: var( --e-global-color-astglobalcolor0 ); background-color: var(--ast-global-color-4);\">Die auf der Website verf\u00fcgbaren Produkte werden online in einem dedizierten Abschnitt illustriert und beschrieben. Es sei jedoch festgehalten, dass die visuelle Darstellung in der Regel dem fotografischen Bild des ausgestellten Artikels entspricht und nur zu Pr\u00e4sentationszwecken dient, ohne Gew\u00e4hr oder Verpflichtung seitens teamwork media srl, dass das abgebildete Bild auf der Website exakt mit dem tats\u00e4chlichen Produkt \u00fcbereinstimmt (Abmessungen, Chromaspekte usw.).<\/span><\/p><p>Preise und Produktverf\u00fcgbarkeit k\u00f6nnen jederzeit und ohne Vorank\u00fcndigung ge\u00e4ndert werden.<\/p><p><span style=\"font-family: Dosis, sans-serif;\"><span style=\"font-size: 17px;\"><b>Widerrufsrecht<\/b><\/span><\/span><\/p><p>Die zum Verkauf stehenden B\u00fccher unterliegen der Widerrufsgarantie gem\u00e4\u00df D.L. 15. Januar 1992 Nr. 50 und D.L. 22. Mai 1999 Nr. 185. Dieses Recht kann vom Verbraucher innerhalb von 10 (zehn) Tagen nach Erhalt des Produkts durch einen Einschreibebrief mit R\u00fcckschein ausge\u00fcbt werden, in dem der Wunsch zur Inanspruchnahme des Rechts gem\u00e4\u00df D.L. 15. Januar 1992 Nr. 50 zum Ausdruck gebracht wird.<\/p><p><span style=\"background-color: var(--ast-global-color-4);\">Adresse f\u00fcr den Versand des Einschreibebriefs:<\/span><\/p><p><span style=\"background-color: var(--ast-global-color-4); color: var( --e-global-color-astglobalcolor0 ); font-style: inherit; font-weight: inherit;\">Teamwork Media Srl<\/span><\/p><p><span style=\"font-style: inherit; font-weight: inherit; color: var( --e-global-color-astglobalcolor0 ); background-color: var(--ast-global-color-4);\">Via Sicilia 21\/a<\/span><\/p><p>25069 Villa Carcina (BS)<\/p><p>Teamwork Media Srl wird die R\u00fcckerstattung per Bank\u00fcberweisung innerhalb von drei\u00dfig Tagen nach Erhalt der Ware, f\u00fcr die das Widerrufsrecht ausge\u00fcbt wurde, vornehmen. F\u00fcr weitere Informationen zum Aus\u00fcben des Widerrufsrechts wenden Sie sich bitte an die folgende Telefonnummer: 030 8988014.<\/p><p><span style=\"font-family: Dosis, sans-serif;\"><span style=\"font-size: 17px;\"><b>Datenschutz<\/b><\/span><\/span><\/p><p>Information f\u00fcr Personen, die Produkte von Teamwork Media Srl erwerben m\u00f6chten (Artikel 13 D.Lgs. 196\/2003)<\/p><p>Die personenbezogenen Daten, die Sie uns zur Verf\u00fcgung gestellt haben und die Sie uns w\u00e4hrend der Gesch\u00e4ftsbeziehung weiterhin zur Verf\u00fcgung stellen werden, werden zum Zwecke der Erf\u00fcllung der Verpflichtungen aus dem Kaufvertrag, an dem Sie beteiligt sind, sowie zur Erf\u00fcllung der damit verbundenen Verpflichtungen gem\u00e4\u00df geltenden Gesetzen, Vorschriften oder EU-Rechtsvorschriften verarbeitet.<\/p><p>Die Verarbeitung erfolgt auch unter Einsatz von elektronischen Mitteln gem\u00e4\u00df den Modalit\u00e4ten, die Artikel 11 des D.Lgs. 30. Juni 2003, Nr. 196 (im Folgenden: das Gesetz), zur Gew\u00e4hrleistung Ihrer Rechte und insbesondere zum Schutz Ihrer Grundrechte, Freiheiten und W\u00fcrde, insbesondere in Bezug auf Privatsph\u00e4re und pers\u00f6nliche Identit\u00e4t, vorsieht. Die Verarbeitung erfolgt f\u00fcr einen Zeitraum, der nicht l\u00e4nger als zur Erf\u00fcllung der oben genannten Zwecke erforderlich ist.<\/p><p>Die von Ihnen bereitgestellten personenbezogenen Daten werden nicht an Dritte weitergegeben.<\/p><p>Wir haben die erforderlichen Mindestsicherheitsma\u00dfnahmen f\u00fcr die Verarbeitung Ihrer personenbezogenen Daten gem\u00e4\u00df Artikel 33 ff. des Gesetzes ergriffen. Wir verpflichten uns, diese Ma\u00dfnahmen entsprechend den Bestimmungen nachfolgender gesetzlicher \u00c4nderungen sowie in Bezug auf die technische Entwicklung des Sektors und die gesammelte Erfahrung anzupassen.<\/p><p><span style=\"font-style: inherit; font-weight: inherit; color: var( --e-global-color-astglobalcolor0 ); background-color: var(--ast-global-color-4);\">Die Bereitstellung der personenbezogenen Daten ist optional, aber f\u00fcr die Verfolgung der oben genannten Verarbeitungszwecke unbedingt erforderlich. Die Nichtbereitstellung der Daten f\u00fchrt zwangsl\u00e4ufig zur Unm\u00f6glichkeit, den Verpflichtungen aus m\u00f6glicherweise abgeschlossenen Kaufvertr\u00e4gen nachzukommen.<\/span><\/p><p><span style=\"font-style: inherit; font-weight: inherit; color: var( --e-global-color-astglobalcolor0 ); background-color: var(--ast-global-color-4);\">Der Verantwortliche f\u00fcr die Verarbeitung, d.h. die Person, die \u00fcber die Zwecke und Modalit\u00e4ten der Verarbeitung Ihrer personenbezogenen Daten entscheidet, ist Teamwork Media Srl mit operativem Sitz in Villa Carcina (BS), Via Sicilia, 21a.<\/span><\/p><p>Artikel 7 des Gesetzes, der unten aufgef\u00fchrt ist, benennt Ihre Rechte in Bezug auf die Verarbeitung Ihrer oben genannten personenbezogenen Daten, die Sie uns zur Verf\u00fcgung gestellt haben.<\/p><p><span style=\"font-family: Dosis, sans-serif;\"><span style=\"font-size: 17px;\"><b>Informationen und Beschwerden<\/b><\/span><\/span><\/p><p>F\u00fcr etwaige Fragen oder Beschwerden k\u00f6nnen Sie sich per E-Mail an redazione@teamwork-media.com an teamwork-media.com wenden.<\/p><p><span style=\"font-family: Dosis, sans-serif;\"><span style=\"font-size: 17px;\"><b>Gerichtsstand und zust\u00e4ndiges Gericht<\/b><\/span><\/span><\/p><p>Dieser Vertrag unterliegt dem italienischen Recht. F\u00fcr Streitigkeiten, die sich aus der G\u00fcltigkeit, Auslegung oder Durchf\u00fchrung dieses Vertrags ergeben, ist das Gericht am Wohn- oder Gesch\u00e4ftssitz von Teamwork Media Srl zust\u00e4ndig.<\/p><p><span style=\"font-family: Dosis, sans-serif;\"><span style=\"font-size: 17px;\"><b>Art. 7 D.Lgs. 30. Juni 2003, Nr. 196 &#8211; Recht auf Zugang zu personenbezogenen Daten und andere Rechte<\/b><\/span><\/span><\/p><p>die Herkunft der personenbezogenen Daten;<\/p><p>die Zwecke und Modalit\u00e4ten der Verarbeitung;<\/p><p>die angewandte Logik, wenn die Verarbeitung mit elektronischen Mitteln erfolgt;<\/p><p>die Identit\u00e4t des Verantwortlichen, der Verantwortlichen und des gem\u00e4\u00df Artikel 5 Absatz 2 benannten Vertreters;<\/p><p>die Empf\u00e4nger oder Kategorien von Empf\u00e4ngern, denen die personenbezogenen Daten mitgeteilt werden k\u00f6nnen oder die als im Staatsgebiet ernannte Vertreter, Verantwortliche oder Beauftragte Kenntnis von ihnen erlangen k\u00f6nnen.<\/p><p>Die betroffene Person hat das Recht zu verlangen:<\/p><p>a. Aktualisierung, Berichtigung oder, falls daran Interesse besteht, Erg\u00e4nzung der Daten;<\/p><p>b. L\u00f6schung, Anonymisierung oder Sperrung der unrechtm\u00e4\u00dfig verarbeiteten Daten, einschlie\u00dflich der Daten, deren Aufbewahrung f\u00fcr die Zwecke, f\u00fcr die sie erhoben oder sp\u00e4ter verarbeitet wurden, nicht erforderlich ist;<\/p><p>c. Best\u00e4tigung, dass die unter den Buchstaben a) und b) genannten Vorg\u00e4nge, auch in Bezug auf ihren Inhalt, denjenigen mitgeteilt wurden, denen die Daten offengelegt oder verbreitet wurden, es sei denn, dies erweist sich als unm\u00f6glich oder erfordert einen Aufwand, der in keinem Verh\u00e4ltnis zum gesch\u00fctzten Recht steht.<\/p><p>Die betroffene Person hat das Recht, aus berechtigten Gr\u00fcnden ganz oder teilweise:<\/p><p>der Verarbeitung sie betreffender personenbezogener Daten zu widersprechen, auch wenn sie dem Zweck der Erhebung entsprechen;<\/p><p>der Verarbeitung sie betreffender personenbezogener Daten zu Werbezwecken oder f\u00fcr Direktverkauf, Markt- oder Meinungsforschung zu widersprechen.<\/p><p><span style=\"font-family: Dosis, sans-serif;\"><span style=\"font-size: 17px;\"><b>Stornierung von Bestellungen durch TEAMWORK-MEDIA.COM<\/b><\/span><\/span><\/p><p>TEAMWORK-MEDIA.COM beh\u00e4lt sich das Recht vor, eine Bestellung oder einen Artikel der Bestellung zu stornieren, wenn folgende Umst\u00e4nde eintreten:<\/p><p>Artikel, die als nicht mehr verf\u00fcgbar gemeldet werden;<\/p><p>Artikel, die aus Lieferproblemen nicht zugestellt werden k\u00f6nnen;<\/p><p>Betrug zu Lasten von TEAMWORK-MEDIA.COM.<\/p><\/div><\/div><\/div><\/div><\/div><\/div><\/div><\/div><\/div><div><p><\/p><\/div>\t\t\t\t\t\t\t\t<\/div>\n\t\t\t\t<\/div>\n\t\t\t\t\t<\/div>\n\t\t<\/div>\n\t\t\t\t\t<\/div>\n\t\t<\/section>\n\t\t\t\t<\/div>\n\t\t","protected":false},"excerpt":{"rendered":"<p>GESCH\u00c4FTSBEDINGUNGEN Zahlungen Zahlung mit PayPal; Sie k\u00f6nnen mit Ihrer Kreditkarte bezahlen, wenn Sie kein PayPal-Konto haben. Verkaufsbedingungen Gegenstand\u00a0 Die vorliegenden Allgemeinen Gesch\u00e4ftsbedingungen beziehen sich auf den Kauf von Produkten, der \u00fcber das Telematiknetzwerk auf der Website &#8220;teamwork-media.com&#8221; erfolgt, die im Besitz von teamwork media srl mit Sitz in Villa Carcina (BS), Via Sicilia, 21a, ist. [&hellip;]<\/p>\n","protected":false},"author":1,"featured_media":0,"parent":0,"menu_order":0,"comment_status":"closed","ping_status":"closed","template":"","meta":{"_uag_custom_page_level_css":"","site-sidebar-layout":"no-sidebar","site-content-layout":"page-builder","ast-site-content-layout":"default","site-content-style":"default","site-sidebar-style":"default","ast-global-header-display":"","ast-banner-title-visibility":"","ast-main-header-display":"","ast-hfb-above-header-display":"","ast-hfb-below-header-display":"","ast-hfb-mobile-header-display":"","site-post-title":"disabled","ast-breadcrumbs-content":"","ast-featured-img":"disabled","footer-sml-layout":"","theme-transparent-header-meta":"","adv-header-id-meta":"","stick-header-meta":"","header-above-stick-meta":"","header-main-stick-meta":"","header-below-stick-meta":"","astra-migrate-meta-layouts":"default","ast-page-background-enabled":"default","ast-page-background-meta":{"desktop":{"background-color":"","background-image":"","background-repeat":"repeat","background-position":"center center","background-size":"auto","background-attachment":"scroll","background-type":"","background-media":"","overlay-type":"","overlay-color":"","overlay-opacity":"","overlay-gradient":""},"tablet":{"background-color":"","background-image":"","background-repeat":"repeat","background-position":"center center","background-size":"auto","background-attachment":"scroll","background-type":"","background-media":"","overlay-type":"","overlay-color":"","overlay-opacity":"","overlay-gradient":""},"mobile":{"background-color":"","background-image":"","background-repeat":"repeat","background-position":"center center","background-size":"auto","background-attachment":"scroll","background-type":"","background-media":"","overlay-type":"","overlay-color":"","overlay-opacity":"","overlay-gradient":""}},"ast-content-background-meta":{"desktop":{"background-color":"var(--ast-global-color-5)","background-image":"","background-repeat":"repeat","background-position":"center center","background-size":"auto","background-attachment":"scroll","background-type":"","background-media":"","overlay-type":"","overlay-color":"","overlay-opacity":"","overlay-gradient":""},"tablet":{"background-color":"var(--ast-global-color-5)","background-image":"","background-repeat":"repeat","background-position":"center center","background-size":"auto","background-attachment":"scroll","background-type":"","background-media":"","overlay-type":"","overlay-color":"","overlay-opacity":"","overlay-gradient":""},"mobile":{"background-color":"var(--ast-global-color-5)","background-image":"","background-repeat":"repeat","background-position":"center center","background-size":"auto","background-attachment":"scroll","background-type":"","background-media":"","overlay-type":"","overlay-color":"","overlay-opacity":"","overlay-gradient":""}},"footnotes":""},"class_list":["post-6133","page","type-page","status-publish","hentry"],"lang":"de","translations":{"de":6133,"it":6105,"en":6097,"es":6160},"uagb_featured_image_src":{"full":false,"thumbnail":false,"medium":false,"medium_large":false,"large":false,"1536x1536":false,"2048x2048":false,"woocommerce_thumbnail":false,"woocommerce_single":false,"woocommerce_gallery_thumbnail":false},"uagb_author_info":{"display_name":"ebookdentalp","author_link":"https:\/\/youdental.conversa-dev.it\/?author=1"},"uagb_comment_info":0,"uagb_excerpt":"GESCH\u00c4FTSBEDINGUNGEN Zahlungen Zahlung mit PayPal; Sie k\u00f6nnen mit Ihrer Kreditkarte bezahlen, wenn Sie kein PayPal-Konto haben. Verkaufsbedingungen Gegenstand\u00a0 Die vorliegenden Allgemeinen Gesch\u00e4ftsbedingungen beziehen sich auf den Kauf von Produkten, der \u00fcber das Telematiknetzwerk auf der Website &#8220;teamwork-media.com&#8221; erfolgt, die im Besitz von teamwork media srl mit Sitz in Villa Carcina (BS), Via Sicilia, 21a, ist.&hellip;","jetpack_sharing_enabled":true,"pll_sync_post":[],"_links":{"self":[{"href":"https:\/\/youdental.conversa-dev.it\/index.php?rest_route=\/wp\/v2\/pages\/6133","targetHints":{"allow":["GET"]}}],"collection":[{"href":"https:\/\/youdental.conversa-dev.it\/index.php?rest_route=\/wp\/v2\/pages"}],"about":[{"href":"https:\/\/youdental.conversa-dev.it\/index.php?rest_route=\/wp\/v2\/types\/page"}],"author":[{"embeddable":true,"href":"https:\/\/youdental.conversa-dev.it\/index.php?rest_route=\/wp\/v2\/users\/1"}],"replies":[{"embeddable":true,"href":"https:\/\/youdental.conversa-dev.it\/index.php?rest_route=%2Fwp%2Fv2%2Fcomments&post=6133"}],"version-history":[{"count":25,"href":"https:\/\/youdental.conversa-dev.it\/index.php?rest_route=\/wp\/v2\/pages\/6133\/revisions"}],"predecessor-version":[{"id":6159,"href":"https:\/\/youdental.conversa-dev.it\/index.php?rest_route=\/wp\/v2\/pages\/6133\/revisions\/6159"}],"wp:attachment":[{"href":"https:\/\/youdental.conversa-dev.it\/index.php?rest_route=%2Fwp%2Fv2%2Fmedia&parent=6133"}],"curies":[{"name":"wp","href":"https:\/\/api.w.org\/{rel}","templated":true}]}}