{"id":6105,"date":"2023-06-23T18:28:04","date_gmt":"2023-06-23T18:28:04","guid":{"rendered":"http:\/\/ebookdentalp.local\/?page_id=6105"},"modified":"2023-06-23T18:30:47","modified_gmt":"2023-06-23T18:30:47","slug":"elementor-6105","status":"publish","type":"page","link":"https:\/\/youdental.conversa-dev.it\/?page_id=6105&lang=it","title":{"rendered":"Terms and Conditions-IT"},"content":{"rendered":"\t\t<div data-elementor-type=\"wp-page\" data-elementor-id=\"6105\" class=\"elementor elementor-6105\" data-elementor-post-type=\"page\">\n\t\t\t\t\t\t<section class=\"elementor-section elementor-top-section elementor-element elementor-element-a115456 elementor-section-boxed elementor-section-height-default elementor-section-height-default\" data-id=\"a115456\" data-element_type=\"section\">\n\t\t\t\t\t\t<div class=\"elementor-container elementor-column-gap-default\">\n\t\t\t\t\t<div class=\"elementor-column elementor-col-100 elementor-top-column elementor-element elementor-element-fe9b098\" data-id=\"fe9b098\" data-element_type=\"column\">\n\t\t\t<div class=\"elementor-widget-wrap elementor-element-populated\">\n\t\t\t\t\t\t<div class=\"elementor-element elementor-element-988be6e elementor-widget elementor-widget-heading\" data-id=\"988be6e\" data-element_type=\"widget\" data-widget_type=\"heading.default\">\n\t\t\t\t<div class=\"elementor-widget-container\">\n\t\t\t\t\t<h1 class=\"elementor-heading-title elementor-size-default\">TERMINI E CONDIZIONI<\/h1>\t\t\t\t<\/div>\n\t\t\t\t<\/div>\n\t\t\t\t<div class=\"elementor-element elementor-element-471771f elementor-widget__width-initial elementor-widget elementor-widget-text-editor\" data-id=\"471771f\" data-element_type=\"widget\" data-widget_type=\"text-editor.default\">\n\t\t\t\t<div class=\"elementor-widget-container\">\n\t\t\t\t\t\t\t\t\t<p><\/p>\n<div>\n<div>\n<div>\n<div>\n<div>\n<div>\n<div>\n<div>\n<div>\n<h3 class=\"wp-block-heading\">Pagamenti<\/h3>\n<p><ul><li>Pagamento con PayPal; puoi pagare con la tua carta di credito se non hai un account PayPal<\/li><\/ul><\/p>\n<h3>Condizioni di vendita<\/h3>\n<h5>Oggetto<\/h5>\n<p>Le presenti Condizioni Generali hanno per oggetto l\u2019acquisto di prodotti, effettuato a distanza tramite rete telematica sul sito \u201cteamwork-media.com\u201d appartenente a teamwork media srl con sede in Villa Carcina (BS) via Sicilia, 21a.<\/p>\n<p>Ogni operazione d\u2019acquisto sar\u00e0 regolata dalle disposizioni di cui al Dlgs n. 185\/99 e, per quanto concerne la tutela della riservatezza, sar\u00e0 sottoposta alla normativa di cui alla Legge n. 675\/96 e successive modifiche.<\/p>\n<p>In qualsiasi momento e senza preavviso, teamwork media srl potr\u00e0 apportare le modifiche che terr\u00e0 opportune al contenuto delle Condizioni di vendita; tali modifiche saranno attive a partire dalla data di pubblicazione sul sito.<\/p>\n<h5>Accettazione delle condizioni generali di vendita<\/h5>\n<p>Il Cliente, con l\u2019invio telematico della conferma del proprio ordine d\u2019acquisto, accetta incondizionatamente e si obbliga ad osservare nei suoi rapporti con teamwork media srl, di seguito teamwork-media.com, le condizioni generali e di pagamento, dichiarando di aver preso visione ed accettato tutte le indicazioni a lui fornite ai sensi delle norme sopra richiamate, prendendo altres\u00ec atto che teamwork-media.com stessa non si ritiene vincolata a condizioni diverse se non preventivamente concordate per iscritto.<\/p>\n<h5>Impegni del cliente<\/h5>\n<p>Le presenti Condizioni Generali di Vendita devono essere esaminate on line dai Clienti visitatori del sito teamwork-media.com prima che essi confermino i loro acquisti. L\u2019inoltro della conferma d\u2019ordine pertanto implica la totale conoscenza di esse Condizioni Generali di Vendita e la loro integrale accettazione.<\/p>\n<p>Il Cliente si impegna ed obbliga, una volta conclusa la procedura d\u2019acquisto on line, a stampare e conservare le presenti condizioni generali di vendita, gi\u00e0 visionate ed accettate durante il processo d\u2019acquisto effettuato, al fine di soddisfare integralmente la condizione di cui agli artt. 3 e 4 del Dlgs n. 185\/1999.<\/p>\n<h5>Modalit\u00e0 d\u2019acquisto<\/h5>\n<p>Teamwork-media.com \u00e8 un sito telematico di vendita di prodotti editoriali.<\/p>\n<p>Gli acquisti dei prodotti sono effettuati dal Cliente al prezzo ivi indicato, da confermare al momento dell\u2019inoltro della conferma d\u2019ordine.<\/p>\n<p>Prima della conferma dell\u2019acquisto al Cliente verr\u00e0 riepilogato il costo unitario di ogni prodotto prescelto, il costo totale in caso di acquisto di pi\u00f9 prodotti.<\/p>\n<p>Confermando l\u2019acquisto, a completamento della transazione, il Cliente ricever\u00e0 un messaggio di posta elettronica contenente la Data e l\u2019Importo complessivo del proprio Ordine ed il dettaglio dello stesso.<\/p>\n<p>I prodotti disponibili sul sito sono illustrati e descritti on line nella sezione dedicata; resta fermo, peraltro, che la rappresentazione visiva corrisponde normalmente all\u2019immagine fotografica di quanto esposto ed ha il solo scopo di presentazione, senza alcuna garanzia o impegno, da parte di teamwork media srl, circa l\u2019esatta corrispondenza dell\u2019immagine raffigurata sul sito con il prodotto reale (dimensioni, aspetti cromati ecc.).<br>I prezzi e la disponibilit\u00e0 dei prodotti sono soggetti a modifica in qualsiasi momento e senza preavviso.<\/p>\n<h5>Diritto di recesso<\/h5>\n<p>I libri in vendita sono coperti dalla garanzia del diritto di recesso prevista dal D.L. 15 Gennaio 1992 n. 50 e D.L. 22 Maggio 1999 n. 185. Questo diritto pu\u00f2 essere esercitato dal consumatore entro 10 (dieci) giorni dalla ricezione del prodotto con raccomandata con avviso di ricevimento manifestando la volont\u00e0 di avvalersi del beneficio concesso dal D.L. 15 gennaio 1992 n. 50<\/p>\n<p>Indirizzo a cui inviare la raccomandata:Teamwork Media Srl<br>Via Sicilia 21\/a<br>25069 Villa Carcina (BS)<\/p>\n<p>Teamwork Media Srl provveder\u00e0 al rimborso mediante bonifico bancario entro trenta giorni dal ricevimento della merce per la quale si \u00e8 esercitato il diritto di recesso. Per qualunque ulteriore informazione relativa all\u2019esercizio del diritto di recesso si prega di telefonare al seguente numero: 030 8988014.<\/p>\n<h5>Privacy<\/h5>\n<p>Informativa per gli interessati all\u2019acquisto dei prodotti di teamwork media srl (art. 13 D.Lgs. 196\/2003)<br>I dati personali, che ci hai fornito e che ci fornirai nel corso del rapporto, sono trattati con la finalit\u00e0 di dare esecuzione agli obblighi derivanti dal contratto di compravendita di cui sei parte, nonch\u00e9 di adempiere ai conseguenti obblighi imposti da leggi, regolamenti o normativa comunitaria.<br>Il trattamento si svolge, anche con l\u2019ausilio di mezzi elettronici, nel rispetto delle modalit\u00e0 che l\u2019art. 11 del D.Lgs. 30 giugno 2003, n. 196 (d\u2019ora in poi: la Legge) pone a Tua garanzia e, in generale, tutelando i Tuoi diritti, libert\u00e0 fondamentali e dignit\u00e0, con particolare riferimento alla riservatezza e all\u2019identit\u00e0 personale. Il trattamento si svolger\u00e0 per un periodo di tempo non superiore a quello strettamente necessario all\u2019adempimento delle sopra descritte finalit\u00e0.<\/p>\n<p>I dati personali da Te forniti non sono comunicati a soggetti terzi.<\/p>\n<p>Abbiamo adottato le misure minime di sicurezza per il trattamento dei Tuoi dati personali previste dagli artt. 33 ss. della Legge. Ci impegniamo ad adeguare le suddette misure in modo conforme a quanto stabilito da successive modificazioni legislative, nonch\u00e9 in relazione all\u2019evoluzione tecnica del settore e all\u2019esperienza maturata.<\/p>\n<p>Il conferimento dei dati personali \u00e8 una Tua facolt\u00e0, ma ci \u00e8 assolutamente indispensabile per perseguire le finalit\u00e0 del trattamento sopra ricordate. Il mancato conferimento dei dati comporta necessariamente l\u2019impossibilit\u00e0 di adempire gli obblighi derivanti dai contratto di compravendita eventualmente conclusi.<\/p>\n<p>Il titolare del trattamento, e, cio\u00e8, la persona alla quale competono le decisioni in ordine alle finalit\u00e0 ed alle modalit\u00e0 del trattamento dei Tuoi dati personali, \u00e8 la teamwork media srl, con sede operativa in Villa Carcina (BS), Via Sicilia, 21a.<br>L\u2019art 7 della Legge, di seguito riportato, individua i diritti dei quali sei titolare in relazione al trattamento dei tuoi<\/p>\n<p>dati personali sopra ricordati e che ci hai fornito.<\/p>\n<h5>Informazioni e reclami<\/h5>\n<p>Per qualunque chiarimento od eventuale reclamo teamwork-media.com potr\u00e0 essere contattata tramite e-mail all\u2019indirizzo redazione@teamwork-media.com.<\/p>\n<h5>Giurisdizione e Foro competente<\/h5>\n<p>Il presente contratto sar\u00e0 regolato dalla legge italiana. Per qualsiasi controversia relativa alla validit\u00e0, interpretazione o esecuzione del medesimo contratto la competenza territoriale \u00e8 del giudice del luogo di residenza o di domicilio della Teamwork media srl.<\/p>\n<h5>Art. 7 D.Lgs. 30 giugno 2003, n. 196 \u2013 Diritto di accesso ai dati personali ed altri diritti<\/h5>\n<p>L\u2019interessato ha diritto di ottenere la conferma dell\u2019esistenza o meno di dati personali che lo riguardano, anche se non ancora registrati, e la loro comunicazione in forma intelligibile.<\/p>\n<p>L\u2019interessato ha diritto di ottenere l\u2019indicazione:<\/p>\n<p>dell\u2019origine dei dati personali;<br>delle finalit\u00e0 e modalit\u00e0 del trattamento;<br>della logica applicata in caso di trattamento effettuato con l\u2019ausilio di strumenti elettronici;<br>degli estremi identificativi del titolare, dei responsabili e del rappresentante designato ai sensi dell\u2019articolo 5, comma 2;<br>dei soggetti o delle categorie di soggetti ai quali i dati personali possono essere comunicati o che possono venirne a conoscenza in qualit\u00e0 di rappresentante designato nel territorio dello Stato, di responsabili o incaricati.<\/p>\n<p>L\u2019interessato ha diritto di ottenere:<\/p>\n<p>a. l\u2019aggiornamento, la rettificazione ovvero, quando vi ha interesse, l\u2019integrazione dei dati;<br>b. la cancellazione, la trasformazione in forma anonima o il blocco dei dati trattati in violazione di legge, compresi quelli di cui non \u00e8 necessaria la conservazione in relazione agli scopi per i quali i dati sono stati raccolti o successivamente trattati;<br>c. l\u2019attestazione che le operazioni di cui alle lettere a) e b) sono state portate a conoscenza, anche per quanto riguarda il loro contenuto, di coloro ai quali i dati sono stati comunicati o diffusi, eccettuato il caso in cui tale adempimento si rivela impossibile o comporta un impiego di mezzi manifestamente sproporzionato rispetto al diritto tutelato.<\/p>\n<p>L\u2019interessato ha diritto di opporsi, in tutto o in parte:<\/p>\n<p>per motivi legittimi al trattamento dei dati personali che lo riguardano, ancorch\u00e9 pertinenti allo scopo della raccolta;<br>al trattamento di dati personali che lo riguardano a fini di invio di materiale pubblicitario o di vendita diretta o per il compimento di ricerche di mercato o di comunicazione commerciale.<\/p>\n<h5>Cancellazione ordini da parte di TEAMWORK-MEDIA.COM<\/h5>\n<p>TEAMWORK-MEDIA.COM si riserva la possibilit\u00e0 di annullare un ordine o un articolo dell\u2019ordine se si verificano le seguenti circostanze:<br>articoli che vengono segnalati come fuori catalogo;<br>articoli che per problemi non possono essere consegnati;<br>truffe ai danni di TEAMWORK-MEDIA.COM;<\/p>\n<\/div>\n<\/div>\n<\/div>\n<\/div>\n<\/div>\n<\/div>\n<\/div>\n<\/div>\n<\/div>\n<div>\n<p><\/p>\n<\/div>\t\t\t\t\t\t\t\t<\/div>\n\t\t\t\t<\/div>\n\t\t\t\t\t<\/div>\n\t\t<\/div>\n\t\t\t\t\t<\/div>\n\t\t<\/section>\n\t\t\t\t<\/div>\n\t\t","protected":false},"excerpt":{"rendered":"<p>TERMINI E CONDIZIONI Pagamenti Pagamento con PayPal; puoi pagare con la tua carta di credito se non hai un account PayPal Condizioni di vendita Oggetto Le presenti Condizioni Generali hanno per oggetto l\u2019acquisto di prodotti, effettuato a distanza tramite rete telematica sul sito \u201cteamwork-media.com\u201d appartenente a teamwork media srl con sede in Villa Carcina (BS) [&hellip;]<\/p>\n","protected":false},"author":1,"featured_media":0,"parent":0,"menu_order":0,"comment_status":"closed","ping_status":"closed","template":"","meta":{"_uag_custom_page_level_css":"","site-sidebar-layout":"no-sidebar","site-content-layout":"page-builder","ast-site-content-layout":"default","site-content-style":"default","site-sidebar-style":"default","ast-global-header-display":"","ast-banner-title-visibility":"","ast-main-header-display":"","ast-hfb-above-header-display":"","ast-hfb-below-header-display":"","ast-hfb-mobile-header-display":"","site-post-title":"disabled","ast-breadcrumbs-content":"","ast-featured-img":"disabled","footer-sml-layout":"","theme-transparent-header-meta":"","adv-header-id-meta":"","stick-header-meta":"","header-above-stick-meta":"","header-main-stick-meta":"","header-below-stick-meta":"","astra-migrate-meta-layouts":"default","ast-page-background-enabled":"default","ast-page-background-meta":{"desktop":{"background-color":"","background-image":"","background-repeat":"repeat","background-position":"center center","background-size":"auto","background-attachment":"scroll","background-type":"","background-media":"","overlay-type":"","overlay-color":"","overlay-opacity":"","overlay-gradient":""},"tablet":{"background-color":"","background-image":"","background-repeat":"repeat","background-position":"center center","background-size":"auto","background-attachment":"scroll","background-type":"","background-media":"","overlay-type":"","overlay-color":"","overlay-opacity":"","overlay-gradient":""},"mobile":{"background-color":"","background-image":"","background-repeat":"repeat","background-position":"center center","background-size":"auto","background-attachment":"scroll","background-type":"","background-media":"","overlay-type":"","overlay-color":"","overlay-opacity":"","overlay-gradient":""}},"ast-content-background-meta":{"desktop":{"background-color":"var(--ast-global-color-5)","background-image":"","background-repeat":"repeat","background-position":"center center","background-size":"auto","background-attachment":"scroll","background-type":"","background-media":"","overlay-type":"","overlay-color":"","overlay-opacity":"","overlay-gradient":""},"tablet":{"background-color":"var(--ast-global-color-5)","background-image":"","background-repeat":"repeat","background-position":"center center","background-size":"auto","background-attachment":"scroll","background-type":"","background-media":"","overlay-type":"","overlay-color":"","overlay-opacity":"","overlay-gradient":""},"mobile":{"background-color":"var(--ast-global-color-5)","background-image":"","background-repeat":"repeat","background-position":"center center","background-size":"auto","background-attachment":"scroll","background-type":"","background-media":"","overlay-type":"","overlay-color":"","overlay-opacity":"","overlay-gradient":""}},"footnotes":""},"class_list":["post-6105","page","type-page","status-publish","hentry"],"lang":"it","translations":{"it":6105,"en":6097,"de":6133,"es":6160},"uagb_featured_image_src":{"full":false,"thumbnail":false,"medium":false,"medium_large":false,"large":false,"1536x1536":false,"2048x2048":false,"woocommerce_thumbnail":false,"woocommerce_single":false,"woocommerce_gallery_thumbnail":false},"uagb_author_info":{"display_name":"ebookdentalp","author_link":"https:\/\/youdental.conversa-dev.it\/?author=1"},"uagb_comment_info":0,"uagb_excerpt":"TERMINI E CONDIZIONI Pagamenti Pagamento con PayPal; puoi pagare con la tua carta di credito se non hai un account PayPal Condizioni di vendita Oggetto Le presenti Condizioni Generali hanno per oggetto l\u2019acquisto di prodotti, effettuato a distanza tramite rete telematica sul sito \u201cteamwork-media.com\u201d appartenente a teamwork media srl con sede in Villa Carcina (BS)&hellip;","jetpack_sharing_enabled":true,"pll_sync_post":[],"_links":{"self":[{"href":"https:\/\/youdental.conversa-dev.it\/index.php?rest_route=\/wp\/v2\/pages\/6105","targetHints":{"allow":["GET"]}}],"collection":[{"href":"https:\/\/youdental.conversa-dev.it\/index.php?rest_route=\/wp\/v2\/pages"}],"about":[{"href":"https:\/\/youdental.conversa-dev.it\/index.php?rest_route=\/wp\/v2\/types\/page"}],"author":[{"embeddable":true,"href":"https:\/\/youdental.conversa-dev.it\/index.php?rest_route=\/wp\/v2\/users\/1"}],"replies":[{"embeddable":true,"href":"https:\/\/youdental.conversa-dev.it\/index.php?rest_route=%2Fwp%2Fv2%2Fcomments&post=6105"}],"version-history":[{"count":8,"href":"https:\/\/youdental.conversa-dev.it\/index.php?rest_route=\/wp\/v2\/pages\/6105\/revisions"}],"predecessor-version":[{"id":6113,"href":"https:\/\/youdental.conversa-dev.it\/index.php?rest_route=\/wp\/v2\/pages\/6105\/revisions\/6113"}],"wp:attachment":[{"href":"https:\/\/youdental.conversa-dev.it\/index.php?rest_route=%2Fwp%2Fv2%2Fmedia&parent=6105"}],"curies":[{"name":"wp","href":"https:\/\/api.w.org\/{rel}","templated":true}]}}